{"id":969,"date":"2020-03-12T17:48:13","date_gmt":"2020-03-12T17:48:13","guid":{"rendered":"https:\/\/ayssaestrategia.com\/invenio\/?page_id=969"},"modified":"2021-10-20T21:27:30","modified_gmt":"2021-10-20T21:27:30","slug":"contacto","status":"publish","type":"page","link":"https:\/\/ayssaestrategia.com\/invenio\/contacto\/","title":{"rendered":"Contacto"},"content":{"rendered":"<div class=\"fusion-fullwidth fullwidth-box fusion-builder-row-1 fusion-flex-container nonhundred-percent-fullwidth non-hundred-percent-height-scrolling\" style=\"--awb-border-radius-top-left:0px;--awb-border-radius-top-right:0px;--awb-border-radius-bottom-right:0px;--awb-border-radius-bottom-left:0px;--awb-margin-top:5%;--awb-margin-bottom:6%;--awb-flex-wrap:wrap;\" ><div class=\"fusion-builder-row fusion-row fusion-flex-align-items-flex-start fusion-flex-content-wrap\" style=\"max-width:1404px;margin-left: calc(-4% \/ 2 );margin-right: calc(-4% \/ 2 );\"><div class=\"fusion-layout-column fusion_builder_column fusion-builder-column-0 fusion_builder_column_1_2 1_2 fusion-flex-column fusion-animated\" style=\"--awb-bg-size:cover;--awb-width-large:50%;--awb-margin-top-large:0px;--awb-spacing-right-large:9.6%;--awb-margin-bottom-large:20px;--awb-spacing-left-large:3.84%;--awb-width-medium:100%;--awb-spacing-right-medium:1.92%;--awb-spacing-left-medium:1.92%;--awb-width-small:100%;--awb-spacing-right-small:1.92%;--awb-margin-bottom-small:60px;--awb-spacing-left-small:1.92%;\" data-animationType=\"fadeIn\" data-animationDuration=\"1.0\" data-animationOffset=\"top-into-view\"><div class=\"fusion-column-wrapper fusion-column-has-shadow fusion-flex-justify-content-flex-start fusion-content-layout-column\"><div class=\"fusion-image-element \" style=\"--awb-caption-title-font-family:var(--h2_typography-font-family);--awb-caption-title-font-weight:var(--h2_typography-font-weight);--awb-caption-title-font-style:var(--h2_typography-font-style);--awb-caption-title-size:var(--h2_typography-font-size);--awb-caption-title-transform:var(--h2_typography-text-transform);--awb-caption-title-line-height:var(--h2_typography-line-height);--awb-caption-title-letter-spacing:var(--h2_typography-letter-spacing);\"><span class=\" fusion-imageframe imageframe-none imageframe-1 hover-type-none\"><img decoding=\"async\" width=\"1589\" height=\"881\" title=\"contacto\" src=\"https:\/\/ayssaestrategia.com\/invenio\/wp-content\/uploads\/2021\/10\/contacto.jpg\" data-orig-src=\"https:\/\/ayssaestrategia.com\/invenio\/wp-content\/uploads\/2021\/10\/contacto.jpg\" alt class=\"lazyload img-responsive wp-image-1756\" srcset=\"data:image\/svg+xml,%3Csvg%20xmlns%3D%27http%3A%2F%2Fwww.w3.org%2F2000%2Fsvg%27%20width%3D%271589%27%20height%3D%27881%27%20viewBox%3D%270%200%201589%20881%27%3E%3Crect%20width%3D%271589%27%20height%3D%27881%27%20fill-opacity%3D%220%22%2F%3E%3C%2Fsvg%3E\" data-srcset=\"https:\/\/ayssaestrategia.com\/invenio\/wp-content\/uploads\/2021\/10\/contacto-200x111.jpg 200w, https:\/\/ayssaestrategia.com\/invenio\/wp-content\/uploads\/2021\/10\/contacto-400x222.jpg 400w, https:\/\/ayssaestrategia.com\/invenio\/wp-content\/uploads\/2021\/10\/contacto-600x333.jpg 600w, https:\/\/ayssaestrategia.com\/invenio\/wp-content\/uploads\/2021\/10\/contacto-800x444.jpg 800w, https:\/\/ayssaestrategia.com\/invenio\/wp-content\/uploads\/2021\/10\/contacto-1200x665.jpg 1200w, https:\/\/ayssaestrategia.com\/invenio\/wp-content\/uploads\/2021\/10\/contacto.jpg 1589w\" data-sizes=\"auto\" data-orig-sizes=\"(max-width: 900px) 100vw, (max-width: 640px) 100vw, 600px\" \/><\/span><\/div><div class=\"fusion-separator fusion-full-width-sep\" style=\"align-self: center;margin-left: auto;margin-right: auto;margin-bottom:7%;width:100%;\"><\/div><div class=\"fusion-title title fusion-title-1 fusion-sep-none fusion-title-text fusion-title-size-two\" style=\"--awb-font-size:25px;\"><h2 class=\"fusion-title-heading title-heading-left fusion-responsive-typography-calculated\" style=\"margin:0;font-size:1em;--fontSize:25;line-height:1.35;\">Estamos listos para trabajar con usted.<\/h2><\/div><div class=\"fusion-text fusion-text-1\" style=\"--awb-text-transform:none;\"><p><span style=\"color: #ffffff;\"><strong>Oficinas Centrales:<\/strong> 12 calle y 2 avenida zona 10, Edificio Avia, Oficina 1501.<\/span><\/p>\n<\/div><div class=\"fusion-separator fusion-full-width-sep\" style=\"align-self: center;margin-left: auto;margin-right: auto;margin-top:4%;margin-bottom:6%;width:100%;\"><div class=\"fusion-separator-border sep-single sep-solid\" style=\"--awb-height:20px;--awb-amount:20px;border-color:rgba(226,226,226,0.1);border-top-width:1px;\"><\/div><\/div><div class=\"fusion-title title fusion-title-2 fusion-sep-none fusion-title-text fusion-title-size-three\" style=\"--awb-text-color:#ffffff;--awb-margin-bottom:10px;--awb-font-size:21px;\"><h3 class=\"fusion-title-heading title-heading-left fusion-responsive-typography-calculated\" style=\"margin:0;font-size:1em;--fontSize:21;line-height:1.32;\">Contactos<\/h3><\/div><ul style=\"--awb-size:22px;--awb-line-height:37.4px;--awb-icon-width:37.4px;--awb-icon-height:37.4px;--awb-icon-margin:15.4px;--awb-content-margin:52.8px;--awb-circlecolor:#222222;--awb-circle-yes-font-size:19.36px;\" class=\"fusion-checklist fusion-checklist-1 fusion-checklist-default type-icons\"><li class=\"fusion-li-item\" style=\"\"><span class=\"icon-wrapper circle-yes\"><i class=\"fusion-li-icon fa-phone fas\" aria-hidden=\"true\"><\/i><\/span><div class=\"fusion-li-item-content\">\n<p style=\"color: #fff; font-size: 19px; font-weight: 500;\">Oficina : <span style=\"color: #ffffff;\">(502) 2361-8528<\/span><\/p>\n<\/div><\/li><li class=\"fusion-li-item\" style=\"\"><span class=\"icon-wrapper circle-yes\"><i class=\"fusion-li-icon fa-at fas\" aria-hidden=\"true\"><\/i><\/span><div class=\"fusion-li-item-content\">\n<p style=\"color: #fff; font-size: 19px; font-weight: 500;\">Correo:<span style=\"color: #ffffff;\"> info@ayssaestrategia.com<\/span><\/p>\n<\/div><\/li><\/ul><\/div><\/div><div class=\"fusion-layout-column fusion_builder_column fusion-builder-column-1 fusion_builder_column_1_2 1_2 fusion-flex-column fusion-animated\" style=\"--awb-bg-size:cover;--awb-width-large:50%;--awb-margin-top-large:0px;--awb-spacing-right-large:3.84%;--awb-margin-bottom-large:20px;--awb-spacing-left-large:9.6%;--awb-width-medium:100%;--awb-spacing-right-medium:1.92%;--awb-spacing-left-medium:1.92%;--awb-width-small:100%;--awb-spacing-right-small:1.92%;--awb-spacing-left-small:1.92%;\" data-animationType=\"fadeIn\" data-animationDuration=\"1.0\" data-animationOffset=\"top-into-view\"><div class=\"fusion-column-wrapper fusion-column-has-shadow fusion-flex-justify-content-flex-start fusion-content-layout-column\"><div class=\"fusion-form fusion-form-builder fusion-form-form-wrapper fusion-form-1610\" style=\"--awb-tooltip-text-color:#ffffff;--awb-tooltip-background-color:#333333;\" data-form-id=\"1610\" data-config=\"{&quot;form_id&quot;:&quot;1610&quot;,&quot;form_post_id&quot;:&quot;1610&quot;,&quot;post_id&quot;:969,&quot;form_type&quot;:&quot;ajax&quot;,&quot;confirmation_type&quot;:&quot;message&quot;,&quot;redirect_url&quot;:&quot;&quot;,&quot;field_labels&quot;:{&quot;your_name&quot;:&quot;Nombre*&quot;,&quot;your_email&quot;:&quot;Correo Electr\\u00f3nico*&quot;,&quot;subject&quot;:&quot;Asunto&quot;,&quot;budget&quot;:&quot;\\u00c1rea de intervenci\\u00f3n&quot;,&quot;brief&quot;:&quot;Mensaje&quot;},&quot;field_logics&quot;:{&quot;your_name&quot;:&quot;&quot;,&quot;your_email&quot;:&quot;&quot;,&quot;subject&quot;:&quot;&quot;,&quot;budget&quot;:&quot;&quot;,&quot;brief&quot;:&quot;&quot;,&quot;notice_1&quot;:&quot;&quot;},&quot;field_types&quot;:{&quot;your_name&quot;:&quot;text&quot;,&quot;your_email&quot;:&quot;email&quot;,&quot;subject&quot;:&quot;text&quot;,&quot;budget&quot;:&quot;select&quot;,&quot;brief&quot;:&quot;textarea&quot;,&quot;submit_1&quot;:&quot;submit&quot;,&quot;notice_1&quot;:&quot;notice&quot;},&quot;nonce_method&quot;:&quot;ajax&quot;}\"><form action=\"https:\/\/ayssaestrategia.com\/invenio\/contacto\/\" method=\"post\" class=\"fusion-form fusion-form-1610\"><div class=\"fusion-fullwidth fullwidth-box fusion-builder-row-1-1 fusion-flex-container nonhundred-percent-fullwidth non-hundred-percent-height-scrolling\" style=\"--awb-border-radius-top-left:0px;--awb-border-radius-top-right:0px;--awb-border-radius-bottom-right:0px;--awb-border-radius-bottom-left:0px;--awb-padding-right:0px;--awb-flex-wrap:wrap;\" ><div class=\"fusion-builder-row fusion-row fusion-flex-align-items-flex-start fusion-flex-content-wrap\" style=\"width:104% !important;max-width:104% !important;margin-left: calc(-4% \/ 2 );margin-right: calc(-4% \/ 2 );\"><div class=\"fusion-layout-column fusion_builder_column fusion-builder-column-2 fusion_builder_column_1_1 1_1 fusion-flex-column\" style=\"--awb-bg-size:cover;--awb-width-large:100%;--awb-margin-top-large:0px;--awb-spacing-right-large:1.92%;--awb-margin-bottom-large:20px;--awb-spacing-left-large:1.92%;--awb-width-medium:100%;--awb-order-medium:0;--awb-spacing-right-medium:1.92%;--awb-spacing-left-medium:1.92%;--awb-width-small:100%;--awb-order-small:0;--awb-spacing-right-small:1.92%;--awb-spacing-left-small:1.92%;\"><div class=\"fusion-column-wrapper fusion-column-has-shadow fusion-flex-justify-content-flex-start fusion-content-layout-column\"><div class=\"fusion-form-field fusion-form-text-field fusion-form-label-above\" style=\"\" data-form-id=\"1610\"><div class=\"fusion-form-label-wrapper\"><label for=\"your_name\">Nombre*<\/label><\/div><input type=\"text\" autocomplete=\"off\" name=\"your_name\" id=\"your_name\" value=\"\"  class=\"fusion-form-input\" data-holds-private-data=\"false\" minlength=\"0\"\/><\/div><div class=\"fusion-form-field fusion-form-email-field fusion-form-label-above\" style=\"\" data-form-id=\"1610\"><div class=\"fusion-form-label-wrapper\"><label for=\"your_email\">Correo Electr\u00f3nico*<\/label><\/div><input type=\"email\" autocomplete=\"off\" name=\"your_email\" id=\"your_email\" value=\"\"  class=\"fusion-form-input\" data-holds-private-data=\"false\"\/><\/div><div class=\"fusion-form-field fusion-form-text-field fusion-form-label-above\" style=\"\" data-form-id=\"1610\"><div class=\"fusion-form-label-wrapper\"><label for=\"subject\">Asunto<\/label><\/div><input type=\"text\" autocomplete=\"off\" name=\"subject\" id=\"subject\" value=\"\"  class=\"fusion-form-input\" data-holds-private-data=\"false\" minlength=\"0\"\/><\/div><div class=\"fusion-form-field fusion-form-select-field fusion-form-label-above\" style=\"\" data-form-id=\"1610\"><label for=\"budget\">\u00c1rea de intervenci\u00f3n<\/label><div class=\"fusion-select-wrapper\"><select autocomplete=\"off\" tabindex=\"\" id=\"budget\" name=\"budget\" class=\"fusion-form-input\" data-holds-private-data=\"false\"><option value=\"Desarrollo Audiovisual\" >Desarrollo Audiovisual<\/option><option value=\"Dise\u00f1o Gr\u00e1fico y Editorial\" >Dise\u00f1o Gr\u00e1fico y Editorial<\/option><option value=\"Dise\u00f1o y Desarrollo Digital\" >Dise\u00f1o y Desarrollo Digital<\/option><option value=\"Otro\" >Otro<\/option><\/select><div class=\"select-arrow\"><svg width=\"12\" height=\"8\" viewBox=\"0 0 12 8\" fill=\"none\" xmlns=\"http:\/\/www.w3.org\/2000\/svg\"> <path d=\"M1.5 1.75L6 6.25L10.5 1.75\" stroke=\"#6D6D6D\" stroke-width=\"2\" stroke-linecap=\"round\" stroke-linejoin=\"round\"\/> <\/svg><\/div><\/div><\/div><div class=\"fusion-form-field fusion-form-textarea-field fusion-form-label-above\" style=\"\" data-form-id=\"1610\"><label for=\"brief\">Mensaje<\/label><textarea cols=\"40\" autocomplete=\"off\"  minlength=\"0\"  rows=\"4\" tabindex=\"\" id=\"brief\" name=\"brief\" class=\"fusion-form-input\" data-holds-private-data=\"false\"><\/textarea><\/div><div class=\"fusion-form-field fusion-form-submit-field fusion-form-label-above\" style=\"\" data-form-id=\"1610\"><div ><button type=\"submit\" class=\"fusion-button button-flat fusion-button-default-size button-default fusion-button-default button-1 fusion-button-default-span  form-form-submit button-default\" style=\"--button_margin-bottom:30px;\" data-form-number=\"1610\" tabindex=\"\"><span class=\"fusion-button-text awb-button__text awb-button__text--default\">Enviar Mensaje<\/span><\/button><\/div><\/div><div class=\"form-submission-notices data-notice_1\" id=\"fusion-notices-1\"><div class=\"fusion-alert alert success alert-success fusion-alert-center fusion-form-response fusion-form-response-success awb-alert-native-link-color alert-dismissable awb-alert-close-boxed\" role=\"alert\"><div class=\"fusion-alert-content-wrapper\"><span class=\"alert-icon\"><i class=\"awb-icon-check-circle\" aria-hidden=\"true\"><\/i><\/span><span class=\"fusion-alert-content\">Muchas gracias por su mensaje, le responderemos lo antes posible.<\/span><\/div><button type=\"button\" class=\"close toggle-alert\" data-dismiss=\"alert\" aria-label=\"Close\">&times;<\/button><\/div><div class=\"fusion-alert alert error alert-danger fusion-alert-center fusion-form-response fusion-form-response-error awb-alert-native-link-color alert-dismissable awb-alert-close-boxed\" role=\"alert\"><div class=\"fusion-alert-content-wrapper\"><span class=\"alert-icon\"><i class=\"awb-icon-exclamation-triangle\" aria-hidden=\"true\"><\/i><\/span><span class=\"fusion-alert-content\">Hubo un error al enviar su mensaje, por favor intente de nuevo.<\/span><\/div><button type=\"button\" class=\"close toggle-alert\" data-dismiss=\"alert\" aria-label=\"Close\">&times;<\/button><\/div><\/div><\/div><\/div><\/div><\/div><\/form><\/div><\/div><\/div><\/div><\/div>\n","protected":false},"excerpt":{"rendered":"","protected":false},"author":1,"featured_media":947,"parent":0,"menu_order":0,"comment_status":"closed","ping_status":"closed","template":"100-width.php","meta":{"footnotes":""},"class_list":["post-969","page","type-page","status-publish","has-post-thumbnail","hentry"],"yoast_head":"<!-- This site is optimized with the Yoast SEO plugin v27.2 - https:\/\/yoast.com\/product\/yoast-seo-wordpress\/ -->\n<title>Contacto - Invenio Studios<\/title>\n<meta name=\"robots\" content=\"index, follow, max-snippet:-1, max-image-preview:large, max-video-preview:-1\" \/>\n<link rel=\"canonical\" href=\"https:\/\/ayssaestrategia.com\/invenio\/contacto\/\" \/>\n<meta property=\"og:locale\" content=\"es_ES\" \/>\n<meta property=\"og:type\" content=\"article\" \/>\n<meta property=\"og:title\" content=\"Contacto - Invenio Studios\" \/>\n<meta property=\"og:url\" content=\"https:\/\/ayssaestrategia.com\/invenio\/contacto\/\" \/>\n<meta property=\"og:site_name\" content=\"Invenio Studios\" \/>\n<meta property=\"article:publisher\" content=\"https:\/\/www.facebook.com\/inveniostudios\/\" \/>\n<meta property=\"article:modified_time\" content=\"2021-10-20T21:27:30+00:00\" \/>\n<meta property=\"og:image\" content=\"https:\/\/ayssaestrategia.com\/invenio\/wp-content\/uploads\/2020\/03\/banner8-scaled-1.jpg\" \/>\n\t<meta property=\"og:image:width\" content=\"2560\" \/>\n\t<meta property=\"og:image:height\" content=\"699\" \/>\n\t<meta property=\"og:image:type\" content=\"image\/jpeg\" \/>\n<meta name=\"twitter:card\" content=\"summary_large_image\" \/>\n<meta name=\"twitter:label1\" content=\"Est. reading time\" \/>\n\t<meta name=\"twitter:data1\" content=\"7 minutos\" \/>\n<script type=\"application\/ld+json\" class=\"yoast-schema-graph\">{\"@context\":\"https:\/\/schema.org\",\"@graph\":[{\"@type\":\"WebPage\",\"@id\":\"https:\/\/ayssaestrategia.com\/invenio\/contacto\/\",\"url\":\"https:\/\/ayssaestrategia.com\/invenio\/contacto\/\",\"name\":\"Contacto - Invenio Studios\",\"isPartOf\":{\"@id\":\"https:\/\/ayssaestrategia.com\/invenio\/#website\"},\"primaryImageOfPage\":{\"@id\":\"https:\/\/ayssaestrategia.com\/invenio\/contacto\/#primaryimage\"},\"image\":{\"@id\":\"https:\/\/ayssaestrategia.com\/invenio\/contacto\/#primaryimage\"},\"thumbnailUrl\":\"https:\/\/ayssaestrategia.com\/invenio\/wp-content\/uploads\/2020\/03\/banner8-scaled-1.jpg\",\"datePublished\":\"2020-03-12T17:48:13+00:00\",\"dateModified\":\"2021-10-20T21:27:30+00:00\",\"breadcrumb\":{\"@id\":\"https:\/\/ayssaestrategia.com\/invenio\/contacto\/#breadcrumb\"},\"inLanguage\":\"es\",\"potentialAction\":[{\"@type\":\"ReadAction\",\"target\":[\"https:\/\/ayssaestrategia.com\/invenio\/contacto\/\"]}]},{\"@type\":\"ImageObject\",\"inLanguage\":\"es\",\"@id\":\"https:\/\/ayssaestrategia.com\/invenio\/contacto\/#primaryimage\",\"url\":\"https:\/\/ayssaestrategia.com\/invenio\/wp-content\/uploads\/2020\/03\/banner8-scaled-1.jpg\",\"contentUrl\":\"https:\/\/ayssaestrategia.com\/invenio\/wp-content\/uploads\/2020\/03\/banner8-scaled-1.jpg\",\"width\":2560,\"height\":699,\"caption\":\"banner8\"},{\"@type\":\"BreadcrumbList\",\"@id\":\"https:\/\/ayssaestrategia.com\/invenio\/contacto\/#breadcrumb\",\"itemListElement\":[{\"@type\":\"ListItem\",\"position\":1,\"name\":\"Home\",\"item\":\"https:\/\/ayssaestrategia.com\/invenio\/\"},{\"@type\":\"ListItem\",\"position\":2,\"name\":\"Contacto\"}]},{\"@type\":\"WebSite\",\"@id\":\"https:\/\/ayssaestrategia.com\/invenio\/#website\",\"url\":\"https:\/\/ayssaestrategia.com\/invenio\/\",\"name\":\"Invenio Studios\",\"description\":\"Somos comunicaci\u00f3n estrat\u00e9gica, dise\u00f1o gr\u00e1fico y producci\u00f3n audiovisual de alta calidad.\",\"publisher\":{\"@id\":\"https:\/\/ayssaestrategia.com\/invenio\/#organization\"},\"potentialAction\":[{\"@type\":\"SearchAction\",\"target\":{\"@type\":\"EntryPoint\",\"urlTemplate\":\"https:\/\/ayssaestrategia.com\/invenio\/?s={search_term_string}\"},\"query-input\":{\"@type\":\"PropertyValueSpecification\",\"valueRequired\":true,\"valueName\":\"search_term_string\"}}],\"inLanguage\":\"es\"},{\"@type\":\"Organization\",\"@id\":\"https:\/\/ayssaestrategia.com\/invenio\/#organization\",\"name\":\"Invenio Studios\",\"url\":\"https:\/\/ayssaestrategia.com\/invenio\/\",\"logo\":{\"@type\":\"ImageObject\",\"inLanguage\":\"es\",\"@id\":\"https:\/\/ayssaestrategia.com\/invenio\/#\/schema\/logo\/image\/\",\"url\":\"https:\/\/ayssaestrategia.com\/invenio\/wp-content\/uploads\/2023\/10\/Logo-1-Invenio.png\",\"contentUrl\":\"https:\/\/ayssaestrategia.com\/invenio\/wp-content\/uploads\/2023\/10\/Logo-1-Invenio.png\",\"width\":739,\"height\":230,\"caption\":\"Invenio Studios\"},\"image\":{\"@id\":\"https:\/\/ayssaestrategia.com\/invenio\/#\/schema\/logo\/image\/\"},\"sameAs\":[\"https:\/\/www.facebook.com\/inveniostudios\/\",\"https:\/\/www.instagram.com\/inveniostudios\"]}]}<\/script>\n<!-- \/ Yoast SEO plugin. -->","yoast_head_json":{"title":"Contacto - Invenio Studios","robots":{"index":"index","follow":"follow","max-snippet":"max-snippet:-1","max-image-preview":"max-image-preview:large","max-video-preview":"max-video-preview:-1"},"canonical":"https:\/\/ayssaestrategia.com\/invenio\/contacto\/","og_locale":"es_ES","og_type":"article","og_title":"Contacto - Invenio Studios","og_url":"https:\/\/ayssaestrategia.com\/invenio\/contacto\/","og_site_name":"Invenio Studios","article_publisher":"https:\/\/www.facebook.com\/inveniostudios\/","article_modified_time":"2021-10-20T21:27:30+00:00","og_image":[{"width":2560,"height":699,"url":"https:\/\/ayssaestrategia.com\/invenio\/wp-content\/uploads\/2020\/03\/banner8-scaled-1.jpg","type":"image\/jpeg"}],"twitter_card":"summary_large_image","twitter_misc":{"Est. reading time":"7 minutos"},"schema":{"@context":"https:\/\/schema.org","@graph":[{"@type":"WebPage","@id":"https:\/\/ayssaestrategia.com\/invenio\/contacto\/","url":"https:\/\/ayssaestrategia.com\/invenio\/contacto\/","name":"Contacto - Invenio Studios","isPartOf":{"@id":"https:\/\/ayssaestrategia.com\/invenio\/#website"},"primaryImageOfPage":{"@id":"https:\/\/ayssaestrategia.com\/invenio\/contacto\/#primaryimage"},"image":{"@id":"https:\/\/ayssaestrategia.com\/invenio\/contacto\/#primaryimage"},"thumbnailUrl":"https:\/\/ayssaestrategia.com\/invenio\/wp-content\/uploads\/2020\/03\/banner8-scaled-1.jpg","datePublished":"2020-03-12T17:48:13+00:00","dateModified":"2021-10-20T21:27:30+00:00","breadcrumb":{"@id":"https:\/\/ayssaestrategia.com\/invenio\/contacto\/#breadcrumb"},"inLanguage":"es","potentialAction":[{"@type":"ReadAction","target":["https:\/\/ayssaestrategia.com\/invenio\/contacto\/"]}]},{"@type":"ImageObject","inLanguage":"es","@id":"https:\/\/ayssaestrategia.com\/invenio\/contacto\/#primaryimage","url":"https:\/\/ayssaestrategia.com\/invenio\/wp-content\/uploads\/2020\/03\/banner8-scaled-1.jpg","contentUrl":"https:\/\/ayssaestrategia.com\/invenio\/wp-content\/uploads\/2020\/03\/banner8-scaled-1.jpg","width":2560,"height":699,"caption":"banner8"},{"@type":"BreadcrumbList","@id":"https:\/\/ayssaestrategia.com\/invenio\/contacto\/#breadcrumb","itemListElement":[{"@type":"ListItem","position":1,"name":"Home","item":"https:\/\/ayssaestrategia.com\/invenio\/"},{"@type":"ListItem","position":2,"name":"Contacto"}]},{"@type":"WebSite","@id":"https:\/\/ayssaestrategia.com\/invenio\/#website","url":"https:\/\/ayssaestrategia.com\/invenio\/","name":"Invenio Studios","description":"Somos comunicaci\u00f3n estrat\u00e9gica, dise\u00f1o gr\u00e1fico y producci\u00f3n audiovisual de alta calidad.","publisher":{"@id":"https:\/\/ayssaestrategia.com\/invenio\/#organization"},"potentialAction":[{"@type":"SearchAction","target":{"@type":"EntryPoint","urlTemplate":"https:\/\/ayssaestrategia.com\/invenio\/?s={search_term_string}"},"query-input":{"@type":"PropertyValueSpecification","valueRequired":true,"valueName":"search_term_string"}}],"inLanguage":"es"},{"@type":"Organization","@id":"https:\/\/ayssaestrategia.com\/invenio\/#organization","name":"Invenio Studios","url":"https:\/\/ayssaestrategia.com\/invenio\/","logo":{"@type":"ImageObject","inLanguage":"es","@id":"https:\/\/ayssaestrategia.com\/invenio\/#\/schema\/logo\/image\/","url":"https:\/\/ayssaestrategia.com\/invenio\/wp-content\/uploads\/2023\/10\/Logo-1-Invenio.png","contentUrl":"https:\/\/ayssaestrategia.com\/invenio\/wp-content\/uploads\/2023\/10\/Logo-1-Invenio.png","width":739,"height":230,"caption":"Invenio Studios"},"image":{"@id":"https:\/\/ayssaestrategia.com\/invenio\/#\/schema\/logo\/image\/"},"sameAs":["https:\/\/www.facebook.com\/inveniostudios\/","https:\/\/www.instagram.com\/inveniostudios"]}]}},"_links":{"self":[{"href":"https:\/\/ayssaestrategia.com\/invenio\/wp-json\/wp\/v2\/pages\/969","targetHints":{"allow":["GET"]}}],"collection":[{"href":"https:\/\/ayssaestrategia.com\/invenio\/wp-json\/wp\/v2\/pages"}],"about":[{"href":"https:\/\/ayssaestrategia.com\/invenio\/wp-json\/wp\/v2\/types\/page"}],"author":[{"embeddable":true,"href":"https:\/\/ayssaestrategia.com\/invenio\/wp-json\/wp\/v2\/users\/1"}],"replies":[{"embeddable":true,"href":"https:\/\/ayssaestrategia.com\/invenio\/wp-json\/wp\/v2\/comments?post=969"}],"version-history":[{"count":10,"href":"https:\/\/ayssaestrategia.com\/invenio\/wp-json\/wp\/v2\/pages\/969\/revisions"}],"predecessor-version":[{"id":1807,"href":"https:\/\/ayssaestrategia.com\/invenio\/wp-json\/wp\/v2\/pages\/969\/revisions\/1807"}],"wp:featuredmedia":[{"embeddable":true,"href":"https:\/\/ayssaestrategia.com\/invenio\/wp-json\/wp\/v2\/media\/947"}],"wp:attachment":[{"href":"https:\/\/ayssaestrategia.com\/invenio\/wp-json\/wp\/v2\/media?parent=969"}],"curies":[{"name":"wp","href":"https:\/\/api.w.org\/{rel}","templated":true}]}}