{"id":816,"date":"2020-03-12T13:22:03","date_gmt":"2020-03-12T13:22:03","guid":{"rendered":"https:\/\/ayssaestrategia.com\/invenio\/?page_id=816"},"modified":"2020-03-12T13:22:03","modified_gmt":"2020-03-12T13:22:03","slug":"services","status":"publish","type":"page","link":"https:\/\/ayssaestrategia.com\/invenio\/services\/","title":{"rendered":"Services"},"content":{"rendered":"<div class=\"fusion-fullwidth fullwidth-box fusion-builder-row-1 fusion-flex-container nonhundred-percent-fullwidth non-hundred-percent-height-scrolling\" style=\"--awb-border-radius-top-left:0px;--awb-border-radius-top-right:0px;--awb-border-radius-bottom-right:0px;--awb-border-radius-bottom-left:0px;--awb-margin-bottom:4%;--awb-background-color:#030303;--awb-flex-wrap:wrap;\" ><div class=\"fusion-builder-row fusion-row fusion-flex-align-items-stretch fusion-flex-content-wrap\" style=\"max-width:1404px;margin-left: calc(-4% \/ 2 );margin-right: calc(-4% \/ 2 );\"><div class=\"fusion-layout-column fusion_builder_column fusion-builder-column-0 fusion_builder_column_1_2 1_2 fusion-flex-column fusion-column-inner-bg-wrapper fusion-animated\" style=\"--awb-padding-top:17%;--awb-padding-right:17%;--awb-padding-bottom:17%;--awb-padding-left:17%;--awb-inner-bg-image:linear-gradient(180deg, rgba(3,3,3,0.7) 0%,#030303 75%);;--awb-inner-bg-position:center center;--awb-inner-bg-size:cover;--awb-width-large:50%;--awb-margin-top-large:0px;--awb-spacing-right-large:5.76%;--awb-margin-bottom-large:0%;--awb-spacing-left-large:3.84%;--awb-width-medium:100%;--awb-spacing-right-medium:1.92%;--awb-spacing-left-medium:1.92%;--awb-width-small:100%;--awb-spacing-right-small:1.92%;--awb-spacing-left-small:1.92%;\" data-animationType=\"fadeInUp\" data-animationDuration=\"1.0\" data-animationOffset=\"top-into-view\"><span class=\"fusion-column-inner-bg hover-type-zoomin\"><a class=\"fusion-column-anchor\" href=\"https:\/\/ayssaestrategia.com\/invenio\/services\/film-production\/\"><span class=\"fusion-column-inner-bg-image lazyload\" data-bg=\"https:\/\/ayssaestrategia.com\/invenio\/wp-content\/uploads\/2020\/03\/projects2-scaled-1.jpg\" data-bg-gradient=\"linear-gradient(180deg, rgba(3,3,3,0.7) 0%,#030303 75%)\"><\/span><\/a><\/span><div class=\"fusion-column-wrapper fusion-column-has-shadow fusion-flex-justify-content-flex-start fusion-content-layout-column fusion-column-has-bg-image\" data-bg-url=\"https:\/\/ayssaestrategia.com\/invenio\/wp-content\/uploads\/2020\/03\/projects2-scaled-1.jpg\"><div class=\"fusion-title title fusion-title-1 fusion-sep-none fusion-title-center fusion-title-text fusion-title-size-two\" style=\"--awb-text-color:#ff7e00;--awb-margin-bottom:10%;\"><h2 class=\"fusion-title-heading title-heading-center fusion-responsive-typography-calculated\" style=\"margin:0;--fontSize:44;line-height:1.26;\"><span style=\"font-family: Heebo; font-weight: 400;\" data-fusion-font=\"true\" data-fusion-google-font=\"Heebo\" data-fusion-google-variant=\"400\" data-fusion-google-subset=\"latin\">Film production<\/span><\/h2><\/div><div class=\"fusion-separator fusion-full-width-sep\" style=\"align-self: center;margin-left: auto;margin-right: auto;margin-bottom:8%;width:100%;\"><div class=\"fusion-separator-border sep-single sep-solid\" style=\"--awb-height:20px;--awb-amount:20px;border-color:rgba(226,226,226,0.1);border-top-width:1px;\"><\/div><\/div><div class=\"fusion-text fusion-text-1\"><p style=\"text-align: center;\">Curabitur arcu erat, accumsan id imperdiet et, porttitor at sem. Curabitur non nulla sit amet nisl tempus convallis quis ac lectus. Donec sollicitudin molestie malesuada. Vestibulum ante ipsum primis in faucibus orci luctus et ultrices posuere cubilia.<\/p>\n<\/div><div class=\"fusion-separator fusion-full-width-sep\" style=\"align-self: center;margin-left: auto;margin-right: auto;margin-bottom:5%;width:100%;\"><\/div><div style=\"text-align:center;\"><a class=\"fusion-button button-flat button-large button-default fusion-button-default button-1 fusion-button-default-span fusion-button-default-type\" target=\"_self\" href=\"https:\/\/ayssaestrategia.com\/invenio\/project_categories\/movie-production\/\"><span class=\"fusion-button-text awb-button__text awb-button__text--default\">View related projects<\/span><\/a><\/div><\/div><\/div><div class=\"fusion-layout-column fusion_builder_column fusion-builder-column-1 fusion_builder_column_1_2 1_2 fusion-flex-column fusion-column-inner-bg-wrapper fusion-animated\" style=\"--awb-padding-top:17%;--awb-padding-right:17%;--awb-padding-bottom:17%;--awb-padding-left:17%;--awb-inner-bg-image:linear-gradient(180deg, rgba(3,3,3,0.7) 0%,#030303 75%);;--awb-inner-bg-position:center center;--awb-inner-bg-size:cover;--awb-width-large:50%;--awb-margin-top-large:0px;--awb-spacing-right-large:3.84%;--awb-margin-bottom-large:0%;--awb-spacing-left-large:5.76%;--awb-width-medium:100%;--awb-spacing-right-medium:1.92%;--awb-spacing-left-medium:1.92%;--awb-width-small:100%;--awb-spacing-right-small:1.92%;--awb-spacing-left-small:1.92%;\" data-animationType=\"fadeInUp\" data-animationDuration=\"1.0\" data-animationOffset=\"top-into-view\"><span class=\"fusion-column-inner-bg hover-type-zoomin\"><a class=\"fusion-column-anchor\" href=\"https:\/\/ayssaestrategia.com\/invenio\/services\/music-videos\/\"><span class=\"fusion-column-inner-bg-image lazyload\" data-bg=\"https:\/\/ayssaestrategia.com\/invenio\/wp-content\/uploads\/2020\/03\/projects4-scaled-1.jpg\" data-bg-gradient=\"linear-gradient(180deg, rgba(3,3,3,0.7) 0%,#030303 75%)\"><\/span><\/a><\/span><div class=\"fusion-column-wrapper fusion-column-has-shadow fusion-flex-justify-content-flex-start fusion-content-layout-column fusion-column-has-bg-image\" data-bg-url=\"https:\/\/ayssaestrategia.com\/invenio\/wp-content\/uploads\/2020\/03\/projects4-scaled-1.jpg\"><div class=\"fusion-title title fusion-title-2 fusion-sep-none fusion-title-center fusion-title-text fusion-title-size-two\" style=\"--awb-text-color:#ff7e00;--awb-margin-bottom:10%;\"><h2 class=\"fusion-title-heading title-heading-center fusion-responsive-typography-calculated\" style=\"margin:0;--fontSize:44;line-height:1.26;\"><span style=\"font-family: Heebo; font-weight: 400;\" data-fusion-font=\"true\" data-fusion-google-font=\"Heebo\" data-fusion-google-variant=\"400\" data-fusion-google-subset=\"latin\">Music videos<\/span><\/h2><\/div><div class=\"fusion-separator fusion-full-width-sep\" style=\"align-self: center;margin-left: auto;margin-right: auto;margin-bottom:8%;width:100%;\"><div class=\"fusion-separator-border sep-single sep-solid\" style=\"--awb-height:20px;--awb-amount:20px;border-color:rgba(226,226,226,0.1);border-top-width:1px;\"><\/div><\/div><div class=\"fusion-text fusion-text-2\"><p style=\"text-align: center;\">Sed porttitor lectus nibh. Curabitur aliquet quam id dui posuere blandit. Praesent sapien massa, convallis a pellentesque nec, egestas non nisi. Nulla quis lorem ut libero malesuada feugiat. Nulla porttitor accumsan tincidunt.<\/p>\n<\/div><div class=\"fusion-separator fusion-full-width-sep\" style=\"align-self: center;margin-left: auto;margin-right: auto;margin-bottom:5%;width:100%;\"><\/div><div style=\"text-align:center;\"><a class=\"fusion-button button-flat button-large button-default fusion-button-default button-2 fusion-button-default-span fusion-button-default-type\" target=\"_self\" href=\"https:\/\/ayssaestrategia.com\/invenio\/project_categories\/music-video\/\"><span class=\"fusion-button-text awb-button__text awb-button__text--default\">View related projects<\/span><\/a><\/div><\/div><\/div><div class=\"fusion-layout-column fusion_builder_column fusion-builder-column-2 fusion_builder_column_1_2 1_2 fusion-flex-column fusion-column-inner-bg-wrapper fusion-animated\" style=\"--awb-padding-top:17%;--awb-padding-right:17%;--awb-padding-bottom:17%;--awb-padding-left:17%;--awb-inner-bg-image:linear-gradient(180deg, rgba(3,3,3,0.7) 0%,#030303 75%);;--awb-inner-bg-position:center center;--awb-inner-bg-size:cover;--awb-width-large:50%;--awb-margin-top-large:0px;--awb-spacing-right-large:5.76%;--awb-margin-bottom-large:2%;--awb-spacing-left-large:3.84%;--awb-width-medium:100%;--awb-spacing-right-medium:1.92%;--awb-spacing-left-medium:1.92%;--awb-width-small:100%;--awb-spacing-right-small:1.92%;--awb-spacing-left-small:1.92%;\" data-animationType=\"fadeInUp\" data-animationDuration=\"1.0\" data-animationOffset=\"top-into-view\"><span class=\"fusion-column-inner-bg hover-type-zoomin\"><a class=\"fusion-column-anchor\" href=\"https:\/\/ayssaestrategia.com\/invenio\/services\/drone-footage\/\"><span class=\"fusion-column-inner-bg-image lazyload\" data-bg=\"https:\/\/ayssaestrategia.com\/invenio\/wp-content\/uploads\/2020\/03\/projects1-scaled-1.jpg\" data-bg-gradient=\"linear-gradient(180deg, rgba(3,3,3,0.7) 0%,#030303 75%)\"><\/span><\/a><\/span><div class=\"fusion-column-wrapper fusion-column-has-shadow fusion-flex-justify-content-flex-start fusion-content-layout-column fusion-column-has-bg-image\" data-bg-url=\"https:\/\/ayssaestrategia.com\/invenio\/wp-content\/uploads\/2020\/03\/projects1-scaled-1.jpg\"><div class=\"fusion-title title fusion-title-3 fusion-sep-none fusion-title-center fusion-title-text fusion-title-size-two\" style=\"--awb-text-color:#ff7e00;--awb-margin-bottom:10%;\"><h2 class=\"fusion-title-heading title-heading-center fusion-responsive-typography-calculated\" style=\"margin:0;--fontSize:44;line-height:1.26;\"><span style=\"font-family: Heebo; font-weight: 400;\" data-fusion-font=\"true\" data-fusion-google-font=\"Heebo\" data-fusion-google-variant=\"400\" data-fusion-google-subset=\"latin\">Drone footage<\/span><\/h2><\/div><div class=\"fusion-separator fusion-full-width-sep\" style=\"align-self: center;margin-left: auto;margin-right: auto;margin-bottom:8%;width:100%;\"><div class=\"fusion-separator-border sep-single sep-solid\" style=\"--awb-height:20px;--awb-amount:20px;border-color:rgba(226,226,226,0.1);border-top-width:1px;\"><\/div><\/div><div class=\"fusion-text fusion-text-3\"><p style=\"text-align: center;\">Mauris blandit aliquet elit, eget tincidunt nibh pulvinar a. Vestibulum ac diam sit amet quam vehicula elementum sed sit amet dui. Pellentesque in ipsum id orci porta dapibus. Vivamus suscipit tortor eget felis porttitor volutpat vivamus magna.<\/p>\n<\/div><div class=\"fusion-separator fusion-full-width-sep\" style=\"align-self: center;margin-left: auto;margin-right: auto;margin-bottom:5%;width:100%;\"><\/div><div style=\"text-align:center;\"><a class=\"fusion-button button-flat button-large button-default fusion-button-default button-3 fusion-button-default-span fusion-button-default-type\" target=\"_self\" href=\"https:\/\/ayssaestrategia.com\/invenio\/project_categories\/drone-footage\/\"><span class=\"fusion-button-text awb-button__text awb-button__text--default\">View related projects<\/span><\/a><\/div><\/div><\/div><div class=\"fusion-layout-column fusion_builder_column fusion-builder-column-3 fusion_builder_column_1_2 1_2 fusion-flex-column fusion-column-inner-bg-wrapper fusion-animated\" style=\"--awb-padding-top:17%;--awb-padding-right:17%;--awb-padding-bottom:17%;--awb-padding-left:17%;--awb-inner-bg-image:linear-gradient(180deg, rgba(3,3,3,0.7) 0%,#030303 75%);;--awb-inner-bg-position:center center;--awb-inner-bg-size:cover;--awb-width-large:50%;--awb-margin-top-large:0px;--awb-spacing-right-large:3.84%;--awb-margin-bottom-large:2%;--awb-spacing-left-large:5.76%;--awb-width-medium:100%;--awb-spacing-right-medium:1.92%;--awb-spacing-left-medium:1.92%;--awb-width-small:100%;--awb-spacing-right-small:1.92%;--awb-spacing-left-small:1.92%;\" data-animationType=\"fadeInUp\" data-animationDuration=\"1.0\" data-animationOffset=\"top-into-view\"><span class=\"fusion-column-inner-bg hover-type-zoomin\"><a class=\"fusion-column-anchor\" href=\"https:\/\/ayssaestrategia.com\/invenio\/services\/live-events\/\"><span class=\"fusion-column-inner-bg-image lazyload\" data-bg=\"https:\/\/ayssaestrategia.com\/invenio\/wp-content\/uploads\/2020\/03\/projects3-scaled-1.jpg\" data-bg-gradient=\"linear-gradient(180deg, rgba(3,3,3,0.7) 0%,#030303 75%)\"><\/span><\/a><\/span><div class=\"fusion-column-wrapper fusion-column-has-shadow fusion-flex-justify-content-flex-start fusion-content-layout-column fusion-column-has-bg-image\" data-bg-url=\"https:\/\/ayssaestrategia.com\/invenio\/wp-content\/uploads\/2020\/03\/projects3-scaled-1.jpg\"><div class=\"fusion-title title fusion-title-4 fusion-sep-none fusion-title-center fusion-title-text fusion-title-size-two\" style=\"--awb-text-color:#ff7e00;--awb-margin-bottom:10%;\"><h2 class=\"fusion-title-heading title-heading-center fusion-responsive-typography-calculated\" style=\"margin:0;--fontSize:44;line-height:1.26;\"><span style=\"font-family: Heebo; font-weight: 400;\" data-fusion-font=\"true\" data-fusion-google-font=\"Heebo\" data-fusion-google-variant=\"400\" data-fusion-google-subset=\"latin\">Live events<\/span><\/h2><\/div><div class=\"fusion-separator fusion-full-width-sep\" style=\"align-self: center;margin-left: auto;margin-right: auto;margin-bottom:8%;width:100%;\"><div class=\"fusion-separator-border sep-single sep-solid\" style=\"--awb-height:20px;--awb-amount:20px;border-color:rgba(226,226,226,0.1);border-top-width:1px;\"><\/div><\/div><div class=\"fusion-text fusion-text-4\"><p style=\"text-align: center;\">Vivamus magna justo, lacinia eget consectetur sed, convallis at tellus. Sed porttitor lectus nibh. Curabitur non nulla sit amet nisl tempus convallis quis ac lectus. Curabitur arcu erat, accumsan id imperdiet et, porttitor at sem.<\/p>\n<\/div><div class=\"fusion-separator fusion-full-width-sep\" style=\"align-self: center;margin-left: auto;margin-right: auto;margin-bottom:5%;width:100%;\"><\/div><div style=\"text-align:center;\"><a class=\"fusion-button button-flat button-large button-default fusion-button-default button-4 fusion-button-default-span fusion-button-default-type\" target=\"_self\" href=\"https:\/\/ayssaestrategia.com\/invenio\/project_categories\/live-event\/\"><span class=\"fusion-button-text awb-button__text awb-button__text--default\">View related projects<\/span><\/a><\/div><\/div><\/div><\/div><\/div>\n","protected":false},"excerpt":{"rendered":"","protected":false},"author":1,"featured_media":762,"parent":0,"menu_order":0,"comment_status":"closed","ping_status":"closed","template":"100-width.php","meta":{"footnotes":""},"class_list":["post-816","page","type-page","status-publish","has-post-thumbnail","hentry"],"yoast_head":"<!-- This site is optimized with the Yoast SEO plugin v27.2 - https:\/\/yoast.com\/product\/yoast-seo-wordpress\/ -->\n<title>Services - Invenio Studios<\/title>\n<meta name=\"robots\" content=\"index, follow, max-snippet:-1, max-image-preview:large, max-video-preview:-1\" \/>\n<link rel=\"canonical\" href=\"https:\/\/ayssaestrategia.com\/invenio\/services\/\" \/>\n<meta property=\"og:locale\" content=\"es_ES\" \/>\n<meta property=\"og:type\" content=\"article\" \/>\n<meta property=\"og:title\" content=\"Services - Invenio Studios\" \/>\n<meta property=\"og:url\" content=\"https:\/\/ayssaestrategia.com\/invenio\/services\/\" \/>\n<meta property=\"og:site_name\" content=\"Invenio Studios\" \/>\n<meta property=\"article:publisher\" content=\"https:\/\/www.facebook.com\/inveniostudios\/\" \/>\n<meta property=\"og:image\" content=\"https:\/\/ayssaestrategia.com\/invenio\/wp-content\/uploads\/2020\/03\/banner-13-scaled-1.jpg\" \/>\n\t<meta property=\"og:image:width\" content=\"2560\" \/>\n\t<meta property=\"og:image:height\" content=\"699\" \/>\n\t<meta property=\"og:image:type\" content=\"image\/jpeg\" \/>\n<meta name=\"twitter:card\" content=\"summary_large_image\" \/>\n<meta name=\"twitter:label1\" content=\"Est. reading time\" \/>\n\t<meta name=\"twitter:data1\" content=\"10 minutos\" \/>\n<script type=\"application\/ld+json\" class=\"yoast-schema-graph\">{\"@context\":\"https:\/\/schema.org\",\"@graph\":[{\"@type\":\"WebPage\",\"@id\":\"https:\/\/ayssaestrategia.com\/invenio\/services\/\",\"url\":\"https:\/\/ayssaestrategia.com\/invenio\/services\/\",\"name\":\"Services - Invenio Studios\",\"isPartOf\":{\"@id\":\"https:\/\/ayssaestrategia.com\/invenio\/#website\"},\"primaryImageOfPage\":{\"@id\":\"https:\/\/ayssaestrategia.com\/invenio\/services\/#primaryimage\"},\"image\":{\"@id\":\"https:\/\/ayssaestrategia.com\/invenio\/services\/#primaryimage\"},\"thumbnailUrl\":\"https:\/\/ayssaestrategia.com\/invenio\/wp-content\/uploads\/2020\/03\/banner-13-scaled-1.jpg\",\"datePublished\":\"2020-03-12T13:22:03+00:00\",\"breadcrumb\":{\"@id\":\"https:\/\/ayssaestrategia.com\/invenio\/services\/#breadcrumb\"},\"inLanguage\":\"es\",\"potentialAction\":[{\"@type\":\"ReadAction\",\"target\":[\"https:\/\/ayssaestrategia.com\/invenio\/services\/\"]}]},{\"@type\":\"ImageObject\",\"inLanguage\":\"es\",\"@id\":\"https:\/\/ayssaestrategia.com\/invenio\/services\/#primaryimage\",\"url\":\"https:\/\/ayssaestrategia.com\/invenio\/wp-content\/uploads\/2020\/03\/banner-13-scaled-1.jpg\",\"contentUrl\":\"https:\/\/ayssaestrategia.com\/invenio\/wp-content\/uploads\/2020\/03\/banner-13-scaled-1.jpg\",\"width\":2560,\"height\":699,\"caption\":\"banner-13\"},{\"@type\":\"BreadcrumbList\",\"@id\":\"https:\/\/ayssaestrategia.com\/invenio\/services\/#breadcrumb\",\"itemListElement\":[{\"@type\":\"ListItem\",\"position\":1,\"name\":\"Home\",\"item\":\"https:\/\/ayssaestrategia.com\/invenio\/\"},{\"@type\":\"ListItem\",\"position\":2,\"name\":\"Services\"}]},{\"@type\":\"WebSite\",\"@id\":\"https:\/\/ayssaestrategia.com\/invenio\/#website\",\"url\":\"https:\/\/ayssaestrategia.com\/invenio\/\",\"name\":\"Invenio Studios\",\"description\":\"Somos comunicaci\u00f3n estrat\u00e9gica, dise\u00f1o gr\u00e1fico y producci\u00f3n audiovisual de alta calidad.\",\"publisher\":{\"@id\":\"https:\/\/ayssaestrategia.com\/invenio\/#organization\"},\"potentialAction\":[{\"@type\":\"SearchAction\",\"target\":{\"@type\":\"EntryPoint\",\"urlTemplate\":\"https:\/\/ayssaestrategia.com\/invenio\/?s={search_term_string}\"},\"query-input\":{\"@type\":\"PropertyValueSpecification\",\"valueRequired\":true,\"valueName\":\"search_term_string\"}}],\"inLanguage\":\"es\"},{\"@type\":\"Organization\",\"@id\":\"https:\/\/ayssaestrategia.com\/invenio\/#organization\",\"name\":\"Invenio Studios\",\"url\":\"https:\/\/ayssaestrategia.com\/invenio\/\",\"logo\":{\"@type\":\"ImageObject\",\"inLanguage\":\"es\",\"@id\":\"https:\/\/ayssaestrategia.com\/invenio\/#\/schema\/logo\/image\/\",\"url\":\"https:\/\/ayssaestrategia.com\/invenio\/wp-content\/uploads\/2023\/10\/Logo-1-Invenio.png\",\"contentUrl\":\"https:\/\/ayssaestrategia.com\/invenio\/wp-content\/uploads\/2023\/10\/Logo-1-Invenio.png\",\"width\":739,\"height\":230,\"caption\":\"Invenio Studios\"},\"image\":{\"@id\":\"https:\/\/ayssaestrategia.com\/invenio\/#\/schema\/logo\/image\/\"},\"sameAs\":[\"https:\/\/www.facebook.com\/inveniostudios\/\",\"https:\/\/www.instagram.com\/inveniostudios\"]}]}<\/script>\n<!-- \/ Yoast SEO plugin. -->","yoast_head_json":{"title":"Services - Invenio Studios","robots":{"index":"index","follow":"follow","max-snippet":"max-snippet:-1","max-image-preview":"max-image-preview:large","max-video-preview":"max-video-preview:-1"},"canonical":"https:\/\/ayssaestrategia.com\/invenio\/services\/","og_locale":"es_ES","og_type":"article","og_title":"Services - Invenio Studios","og_url":"https:\/\/ayssaestrategia.com\/invenio\/services\/","og_site_name":"Invenio Studios","article_publisher":"https:\/\/www.facebook.com\/inveniostudios\/","og_image":[{"width":2560,"height":699,"url":"https:\/\/ayssaestrategia.com\/invenio\/wp-content\/uploads\/2020\/03\/banner-13-scaled-1.jpg","type":"image\/jpeg"}],"twitter_card":"summary_large_image","twitter_misc":{"Est. reading time":"10 minutos"},"schema":{"@context":"https:\/\/schema.org","@graph":[{"@type":"WebPage","@id":"https:\/\/ayssaestrategia.com\/invenio\/services\/","url":"https:\/\/ayssaestrategia.com\/invenio\/services\/","name":"Services - Invenio Studios","isPartOf":{"@id":"https:\/\/ayssaestrategia.com\/invenio\/#website"},"primaryImageOfPage":{"@id":"https:\/\/ayssaestrategia.com\/invenio\/services\/#primaryimage"},"image":{"@id":"https:\/\/ayssaestrategia.com\/invenio\/services\/#primaryimage"},"thumbnailUrl":"https:\/\/ayssaestrategia.com\/invenio\/wp-content\/uploads\/2020\/03\/banner-13-scaled-1.jpg","datePublished":"2020-03-12T13:22:03+00:00","breadcrumb":{"@id":"https:\/\/ayssaestrategia.com\/invenio\/services\/#breadcrumb"},"inLanguage":"es","potentialAction":[{"@type":"ReadAction","target":["https:\/\/ayssaestrategia.com\/invenio\/services\/"]}]},{"@type":"ImageObject","inLanguage":"es","@id":"https:\/\/ayssaestrategia.com\/invenio\/services\/#primaryimage","url":"https:\/\/ayssaestrategia.com\/invenio\/wp-content\/uploads\/2020\/03\/banner-13-scaled-1.jpg","contentUrl":"https:\/\/ayssaestrategia.com\/invenio\/wp-content\/uploads\/2020\/03\/banner-13-scaled-1.jpg","width":2560,"height":699,"caption":"banner-13"},{"@type":"BreadcrumbList","@id":"https:\/\/ayssaestrategia.com\/invenio\/services\/#breadcrumb","itemListElement":[{"@type":"ListItem","position":1,"name":"Home","item":"https:\/\/ayssaestrategia.com\/invenio\/"},{"@type":"ListItem","position":2,"name":"Services"}]},{"@type":"WebSite","@id":"https:\/\/ayssaestrategia.com\/invenio\/#website","url":"https:\/\/ayssaestrategia.com\/invenio\/","name":"Invenio Studios","description":"Somos comunicaci\u00f3n estrat\u00e9gica, dise\u00f1o gr\u00e1fico y producci\u00f3n audiovisual de alta calidad.","publisher":{"@id":"https:\/\/ayssaestrategia.com\/invenio\/#organization"},"potentialAction":[{"@type":"SearchAction","target":{"@type":"EntryPoint","urlTemplate":"https:\/\/ayssaestrategia.com\/invenio\/?s={search_term_string}"},"query-input":{"@type":"PropertyValueSpecification","valueRequired":true,"valueName":"search_term_string"}}],"inLanguage":"es"},{"@type":"Organization","@id":"https:\/\/ayssaestrategia.com\/invenio\/#organization","name":"Invenio Studios","url":"https:\/\/ayssaestrategia.com\/invenio\/","logo":{"@type":"ImageObject","inLanguage":"es","@id":"https:\/\/ayssaestrategia.com\/invenio\/#\/schema\/logo\/image\/","url":"https:\/\/ayssaestrategia.com\/invenio\/wp-content\/uploads\/2023\/10\/Logo-1-Invenio.png","contentUrl":"https:\/\/ayssaestrategia.com\/invenio\/wp-content\/uploads\/2023\/10\/Logo-1-Invenio.png","width":739,"height":230,"caption":"Invenio Studios"},"image":{"@id":"https:\/\/ayssaestrategia.com\/invenio\/#\/schema\/logo\/image\/"},"sameAs":["https:\/\/www.facebook.com\/inveniostudios\/","https:\/\/www.instagram.com\/inveniostudios"]}]}},"_links":{"self":[{"href":"https:\/\/ayssaestrategia.com\/invenio\/wp-json\/wp\/v2\/pages\/816","targetHints":{"allow":["GET"]}}],"collection":[{"href":"https:\/\/ayssaestrategia.com\/invenio\/wp-json\/wp\/v2\/pages"}],"about":[{"href":"https:\/\/ayssaestrategia.com\/invenio\/wp-json\/wp\/v2\/types\/page"}],"author":[{"embeddable":true,"href":"https:\/\/ayssaestrategia.com\/invenio\/wp-json\/wp\/v2\/users\/1"}],"replies":[{"embeddable":true,"href":"https:\/\/ayssaestrategia.com\/invenio\/wp-json\/wp\/v2\/comments?post=816"}],"version-history":[{"count":0,"href":"https:\/\/ayssaestrategia.com\/invenio\/wp-json\/wp\/v2\/pages\/816\/revisions"}],"wp:featuredmedia":[{"embeddable":true,"href":"https:\/\/ayssaestrategia.com\/invenio\/wp-json\/wp\/v2\/media\/762"}],"wp:attachment":[{"href":"https:\/\/ayssaestrategia.com\/invenio\/wp-json\/wp\/v2\/media?parent=816"}],"curies":[{"name":"wp","href":"https:\/\/api.w.org\/{rel}","templated":true}]}}