{"id":636,"date":"2020-03-11T14:38:22","date_gmt":"2020-03-11T14:38:22","guid":{"rendered":"https:\/\/ayssaestrategia.com\/invenio\/?page_id=636"},"modified":"2020-03-11T14:38:22","modified_gmt":"2020-03-11T14:38:22","slug":"news","status":"publish","type":"page","link":"https:\/\/ayssaestrategia.com\/invenio\/news\/","title":{"rendered":"News"},"content":{"rendered":"<div class=\"fusion-fullwidth fullwidth-box fusion-builder-row-1 fusion-flex-container nonhundred-percent-fullwidth non-hundred-percent-height-scrolling\" style=\"--awb-border-radius-top-left:0px;--awb-border-radius-top-right:0px;--awb-border-radius-bottom-right:0px;--awb-border-radius-bottom-left:0px;--awb-margin-bottom:5%;--awb-flex-wrap:wrap;\" ><div class=\"fusion-builder-row fusion-row fusion-flex-align-items-flex-start fusion-flex-content-wrap\" style=\"max-width:calc( 1350px + 0px );margin-left: calc(-0px \/ 2 );margin-right: calc(-0px \/ 2 );\"><div class=\"fusion-layout-column fusion_builder_column fusion-builder-column-0 fusion_builder_column_1_1 1_1 fusion-flex-column\" style=\"--awb-bg-size:cover;--awb-width-large:100%;--awb-margin-top-large:0px;--awb-spacing-right-large:0px;--awb-margin-bottom-large:0px;--awb-spacing-left-large:0px;--awb-width-medium:100%;--awb-spacing-right-medium:0px;--awb-spacing-left-medium:0px;--awb-width-small:100%;--awb-spacing-right-small:0px;--awb-spacing-left-small:0px;\"><div class=\"fusion-column-wrapper fusion-column-has-shadow fusion-flex-justify-content-flex-start fusion-content-layout-column\"><div class=\"fusion-blog-shortcode fusion-blog-shortcode-1 fusion-blog-archive fusion-blog-layout-grid-wrapper fusion-blog-pagination\" style=\"--grid_separator_color:rgba(226,226,226,0);\"><style type=\"text\/css\">.fusion-blog-shortcode-1 .fusion-blog-layout-grid .fusion-post-grid{padding:30px;}.fusion-blog-shortcode-1 .fusion-posts-container{margin-left: -30px !important; margin-right:-30px !important;}<\/style><div class=\"fusion-posts-container fusion-posts-container-pagination fusion-blog-rollover fusion-blog-layout-grid fusion-blog-layout-grid-3 isotope fusion-blog-equal-heights\" data-pages=\"1\" data-grid-col-space=\"60\" style=\"margin: -30px -30px 0;min-height:500px;\"><article id=\"blog-1-post-1828\" class=\"fusion-post-grid post-1828 post type-post status-publish format-standard has-post-thumbnail hentry category-blog tag-branding tag-diseno tag-estrategia\">\n<div class=\"fusion-post-wrapper\" style=\"background-color:rgba(226,226,226,0);border:none;\">\n\n\t\t\t<div class=\"fusion-flexslider flexslider fusion-flexslider-loading fusion-post-slideshow\" style=\"border-color:rgba(242,243,245,0);\">\n\t\t<ul class=\"slides\">\n\t\t\t\n\t\t\t\t\t\t\t\t\t\t\t\t\t\t<li><div  class=\"fusion-image-wrapper\" aria-haspopup=\"true\">\n\t\t\t\t<img decoding=\"async\" width=\"1000\" height=\"667\" src=\"https:\/\/ayssaestrategia.com\/invenio\/wp-content\/uploads\/2023\/10\/concepto-desarrollo-creacion-iconos-marca-e-inscripcion-papel.jpg\" class=\"attachment-full size-full lazyload wp-post-image\" alt=\"\" srcset=\"data:image\/svg+xml,%3Csvg%20xmlns%3D%27http%3A%2F%2Fwww.w3.org%2F2000%2Fsvg%27%20width%3D%271000%27%20height%3D%27667%27%20viewBox%3D%270%200%201000%20667%27%3E%3Crect%20width%3D%271000%27%20height%3D%27667%27%20fill-opacity%3D%220%22%2F%3E%3C%2Fsvg%3E\" data-orig-src=\"https:\/\/ayssaestrategia.com\/invenio\/wp-content\/uploads\/2023\/10\/concepto-desarrollo-creacion-iconos-marca-e-inscripcion-papel.jpg\" data-srcset=\"https:\/\/ayssaestrategia.com\/invenio\/wp-content\/uploads\/2023\/10\/concepto-desarrollo-creacion-iconos-marca-e-inscripcion-papel-200x133.jpg 200w, https:\/\/ayssaestrategia.com\/invenio\/wp-content\/uploads\/2023\/10\/concepto-desarrollo-creacion-iconos-marca-e-inscripcion-papel-400x267.jpg 400w, https:\/\/ayssaestrategia.com\/invenio\/wp-content\/uploads\/2023\/10\/concepto-desarrollo-creacion-iconos-marca-e-inscripcion-papel-600x400.jpg 600w, https:\/\/ayssaestrategia.com\/invenio\/wp-content\/uploads\/2023\/10\/concepto-desarrollo-creacion-iconos-marca-e-inscripcion-papel-800x534.jpg 800w, https:\/\/ayssaestrategia.com\/invenio\/wp-content\/uploads\/2023\/10\/concepto-desarrollo-creacion-iconos-marca-e-inscripcion-papel.jpg 1000w\" data-sizes=\"auto\" \/><div class=\"fusion-rollover\">\n\t<div class=\"fusion-rollover-content\">\n\n\t\t\t\t\n\t\t\n\t\t\t\t\t\t\t\t\t\t\t\t<h4 class=\"fusion-rollover-title\">\n\t\t\t\t\t<a class=\"fusion-rollover-title-link\" href=\"https:\/\/ayssaestrategia.com\/invenio\/2023\/10\/30\/el-poder-del-branding-haciendo-visible-tu-marca\/\">\n\t\t\t\t\t\tEl Poder del Branding: Haciendo Visible Tu Marca\t\t\t\t\t<\/a>\n\t\t\t\t<\/h4>\n\t\t\t\n\t\t\t\t\t\t\t\t\n\t\t\n\t\t\t\t\t\t<a class=\"fusion-link-wrapper\" href=\"https:\/\/ayssaestrategia.com\/invenio\/2023\/10\/30\/el-poder-del-branding-haciendo-visible-tu-marca\/\" aria-label=\"El Poder del Branding: Haciendo Visible Tu Marca\"><\/a>\n\t<\/div>\n<\/div>\n<\/div>\n<\/li>\n\t\t\t\n\t\t\t\n\t\t\t\t\t\t\t\t\t\t\t\t\t\t\t\t\t\t\t\t\t\t\t\t\t\t\t\t\t\t\t\t\t\t\t\t\t\t\t\t\t\t\t\t\t\t\t\t\t\t\t\t\t\t\t\t\t\t\t\t\t\t\t\t\t\t\t\t<\/ul>\n\t<\/div>\n\t<div class=\"fusion-post-content-wrapper\" style=\"padding:8% 8% 25px 25px;\"><div class=\"fusion-post-content post-content\"><h2 class=\"blog-shortcode-post-title entry-title\"><a href=\"https:\/\/ayssaestrategia.com\/invenio\/2023\/10\/30\/el-poder-del-branding-haciendo-visible-tu-marca\/\">El Poder del Branding: Haciendo Visible Tu Marca<\/a><\/h2><p class=\"fusion-single-line-meta\"><span class=\"vcard\" style=\"display: none;\"><span class=\"fn\"><a href=\"https:\/\/ayssaestrategia.com\/invenio\/author\/admininvenio\/\" title=\"Entradas de admininvenio\" rel=\"author\">admininvenio<\/a><\/span><\/span><span class=\"updated\" style=\"display:none;\">2023-10-30T18:08:47-06:00<\/span><span>octubre 30th, 2023<\/span><span class=\"fusion-inline-sep\">|<\/span><\/p><\/div><\/div><div class=\"fusion-clearfix\"><\/div><\/div>\n<\/article>\n<article id=\"blog-1-post-1824\" class=\"fusion-post-grid post-1824 post type-post status-publish format-standard has-post-thumbnail hentry category-blog tag-comunicacion tag-diseno tag-estrategia tag-produccion-audiovisual\">\n<div class=\"fusion-post-wrapper\" style=\"background-color:rgba(226,226,226,0);border:none;\">\n\n\t\t\t<div class=\"fusion-flexslider flexslider fusion-flexslider-loading fusion-post-slideshow\" style=\"border-color:rgba(242,243,245,0);\">\n\t\t<ul class=\"slides\">\n\t\t\t\n\t\t\t\t\t\t\t\t\t\t\t\t\t\t<li><div  class=\"fusion-image-wrapper\" aria-haspopup=\"true\">\n\t\t\t\t<img decoding=\"async\" width=\"1000\" height=\"684\" src=\"https:\/\/ayssaestrategia.com\/invenio\/wp-content\/uploads\/2023\/10\/diversas-personas-iconos-tecnologia.jpg\" class=\"attachment-full size-full lazyload wp-post-image\" alt=\"\" srcset=\"data:image\/svg+xml,%3Csvg%20xmlns%3D%27http%3A%2F%2Fwww.w3.org%2F2000%2Fsvg%27%20width%3D%271000%27%20height%3D%27684%27%20viewBox%3D%270%200%201000%20684%27%3E%3Crect%20width%3D%271000%27%20height%3D%27684%27%20fill-opacity%3D%220%22%2F%3E%3C%2Fsvg%3E\" data-orig-src=\"https:\/\/ayssaestrategia.com\/invenio\/wp-content\/uploads\/2023\/10\/diversas-personas-iconos-tecnologia.jpg\" data-srcset=\"https:\/\/ayssaestrategia.com\/invenio\/wp-content\/uploads\/2023\/10\/diversas-personas-iconos-tecnologia-200x137.jpg 200w, https:\/\/ayssaestrategia.com\/invenio\/wp-content\/uploads\/2023\/10\/diversas-personas-iconos-tecnologia-400x274.jpg 400w, https:\/\/ayssaestrategia.com\/invenio\/wp-content\/uploads\/2023\/10\/diversas-personas-iconos-tecnologia-600x410.jpg 600w, https:\/\/ayssaestrategia.com\/invenio\/wp-content\/uploads\/2023\/10\/diversas-personas-iconos-tecnologia-800x547.jpg 800w, https:\/\/ayssaestrategia.com\/invenio\/wp-content\/uploads\/2023\/10\/diversas-personas-iconos-tecnologia.jpg 1000w\" data-sizes=\"auto\" \/><div class=\"fusion-rollover\">\n\t<div class=\"fusion-rollover-content\">\n\n\t\t\t\t\n\t\t\n\t\t\t\t\t\t\t\t\t\t\t\t<h4 class=\"fusion-rollover-title\">\n\t\t\t\t\t<a class=\"fusion-rollover-title-link\" href=\"https:\/\/ayssaestrategia.com\/invenio\/2023\/10\/05\/invenio-studios-una-agencia-de-comunicacion-con-enfoque-humano\/\">\n\t\t\t\t\t\tInvenio Studios: Una agencia de comunicaci\u00f3n con enfoque humano\t\t\t\t\t<\/a>\n\t\t\t\t<\/h4>\n\t\t\t\n\t\t\t\t\t\t\t\t\n\t\t\n\t\t\t\t\t\t<a class=\"fusion-link-wrapper\" href=\"https:\/\/ayssaestrategia.com\/invenio\/2023\/10\/05\/invenio-studios-una-agencia-de-comunicacion-con-enfoque-humano\/\" aria-label=\"Invenio Studios: Una agencia de comunicaci\u00f3n con enfoque humano\"><\/a>\n\t<\/div>\n<\/div>\n<\/div>\n<\/li>\n\t\t\t\n\t\t\t\n\t\t\t\t\t\t\t\t\t\t\t\t\t\t\t\t\t\t\t\t\t\t\t\t\t\t\t\t\t\t\t\t\t\t\t\t\t\t\t\t\t\t\t\t\t\t\t\t\t\t\t\t\t\t\t\t\t\t\t\t\t\t\t\t\t\t\t\t<\/ul>\n\t<\/div>\n\t<div class=\"fusion-post-content-wrapper\" style=\"padding:8% 8% 25px 25px;\"><div class=\"fusion-post-content post-content\"><h2 class=\"blog-shortcode-post-title entry-title\"><a href=\"https:\/\/ayssaestrategia.com\/invenio\/2023\/10\/05\/invenio-studios-una-agencia-de-comunicacion-con-enfoque-humano\/\">Invenio Studios: Una agencia de comunicaci\u00f3n con enfoque humano<\/a><\/h2><p class=\"fusion-single-line-meta\"><span class=\"vcard\" style=\"display: none;\"><span class=\"fn\"><a href=\"https:\/\/ayssaestrategia.com\/invenio\/author\/admininvenio\/\" title=\"Entradas de admininvenio\" rel=\"author\">admininvenio<\/a><\/span><\/span><span class=\"updated\" style=\"display:none;\">2023-10-05T04:07:03-06:00<\/span><span>octubre 5th, 2023<\/span><span class=\"fusion-inline-sep\">|<\/span><\/p><\/div><\/div><div class=\"fusion-clearfix\"><\/div><\/div>\n<\/article>\n<div class=\"fusion-clearfix\"><\/div><\/div><\/div><\/div><\/div><\/div><\/div>\n","protected":false},"excerpt":{"rendered":"","protected":false},"author":1,"featured_media":248,"parent":0,"menu_order":0,"comment_status":"closed","ping_status":"closed","template":"100-width.php","meta":{"footnotes":""},"class_list":["post-636","page","type-page","status-publish","has-post-thumbnail","hentry"],"yoast_head":"<!-- This site is optimized with the Yoast SEO plugin v27.2 - https:\/\/yoast.com\/product\/yoast-seo-wordpress\/ -->\n<title>News - Invenio Studios<\/title>\n<meta name=\"robots\" content=\"index, follow, max-snippet:-1, max-image-preview:large, max-video-preview:-1\" \/>\n<link rel=\"canonical\" href=\"https:\/\/ayssaestrategia.com\/invenio\/news\/\" \/>\n<meta property=\"og:locale\" content=\"es_ES\" \/>\n<meta property=\"og:type\" content=\"article\" \/>\n<meta property=\"og:title\" content=\"News - Invenio Studios\" \/>\n<meta property=\"og:url\" content=\"https:\/\/ayssaestrategia.com\/invenio\/news\/\" \/>\n<meta property=\"og:site_name\" content=\"Invenio Studios\" \/>\n<meta property=\"article:publisher\" content=\"https:\/\/www.facebook.com\/inveniostudios\/\" \/>\n<meta property=\"og:image\" content=\"https:\/\/ayssaestrategia.com\/invenio\/wp-content\/uploads\/2020\/03\/banner-4@2x-scaled-1.jpg\" \/>\n\t<meta property=\"og:image:width\" content=\"2560\" \/>\n\t<meta property=\"og:image:height\" content=\"868\" \/>\n\t<meta property=\"og:image:type\" content=\"image\/jpeg\" \/>\n<meta name=\"twitter:card\" content=\"summary_large_image\" \/>\n<meta name=\"twitter:label1\" content=\"Est. reading time\" \/>\n\t<meta name=\"twitter:data1\" content=\"2 minutos\" \/>\n<script type=\"application\/ld+json\" class=\"yoast-schema-graph\">{\"@context\":\"https:\/\/schema.org\",\"@graph\":[{\"@type\":\"WebPage\",\"@id\":\"https:\/\/ayssaestrategia.com\/invenio\/news\/\",\"url\":\"https:\/\/ayssaestrategia.com\/invenio\/news\/\",\"name\":\"News - Invenio Studios\",\"isPartOf\":{\"@id\":\"https:\/\/ayssaestrategia.com\/invenio\/#website\"},\"primaryImageOfPage\":{\"@id\":\"https:\/\/ayssaestrategia.com\/invenio\/news\/#primaryimage\"},\"image\":{\"@id\":\"https:\/\/ayssaestrategia.com\/invenio\/news\/#primaryimage\"},\"thumbnailUrl\":\"https:\/\/ayssaestrategia.com\/invenio\/wp-content\/uploads\/2020\/03\/banner-4@2x-scaled-1.jpg\",\"datePublished\":\"2020-03-11T14:38:22+00:00\",\"breadcrumb\":{\"@id\":\"https:\/\/ayssaestrategia.com\/invenio\/news\/#breadcrumb\"},\"inLanguage\":\"es\",\"potentialAction\":[{\"@type\":\"ReadAction\",\"target\":[\"https:\/\/ayssaestrategia.com\/invenio\/news\/\"]}]},{\"@type\":\"ImageObject\",\"inLanguage\":\"es\",\"@id\":\"https:\/\/ayssaestrategia.com\/invenio\/news\/#primaryimage\",\"url\":\"https:\/\/ayssaestrategia.com\/invenio\/wp-content\/uploads\/2020\/03\/banner-4@2x-scaled-1.jpg\",\"contentUrl\":\"https:\/\/ayssaestrategia.com\/invenio\/wp-content\/uploads\/2020\/03\/banner-4@2x-scaled-1.jpg\",\"width\":2560,\"height\":868,\"caption\":\"banner-4@2x\"},{\"@type\":\"BreadcrumbList\",\"@id\":\"https:\/\/ayssaestrategia.com\/invenio\/news\/#breadcrumb\",\"itemListElement\":[{\"@type\":\"ListItem\",\"position\":1,\"name\":\"Home\",\"item\":\"https:\/\/ayssaestrategia.com\/invenio\/\"},{\"@type\":\"ListItem\",\"position\":2,\"name\":\"News\"}]},{\"@type\":\"WebSite\",\"@id\":\"https:\/\/ayssaestrategia.com\/invenio\/#website\",\"url\":\"https:\/\/ayssaestrategia.com\/invenio\/\",\"name\":\"Invenio Studios\",\"description\":\"Somos comunicaci\u00f3n estrat\u00e9gica, dise\u00f1o gr\u00e1fico y producci\u00f3n audiovisual de alta calidad.\",\"publisher\":{\"@id\":\"https:\/\/ayssaestrategia.com\/invenio\/#organization\"},\"potentialAction\":[{\"@type\":\"SearchAction\",\"target\":{\"@type\":\"EntryPoint\",\"urlTemplate\":\"https:\/\/ayssaestrategia.com\/invenio\/?s={search_term_string}\"},\"query-input\":{\"@type\":\"PropertyValueSpecification\",\"valueRequired\":true,\"valueName\":\"search_term_string\"}}],\"inLanguage\":\"es\"},{\"@type\":\"Organization\",\"@id\":\"https:\/\/ayssaestrategia.com\/invenio\/#organization\",\"name\":\"Invenio Studios\",\"url\":\"https:\/\/ayssaestrategia.com\/invenio\/\",\"logo\":{\"@type\":\"ImageObject\",\"inLanguage\":\"es\",\"@id\":\"https:\/\/ayssaestrategia.com\/invenio\/#\/schema\/logo\/image\/\",\"url\":\"https:\/\/ayssaestrategia.com\/invenio\/wp-content\/uploads\/2023\/10\/Logo-1-Invenio.png\",\"contentUrl\":\"https:\/\/ayssaestrategia.com\/invenio\/wp-content\/uploads\/2023\/10\/Logo-1-Invenio.png\",\"width\":739,\"height\":230,\"caption\":\"Invenio Studios\"},\"image\":{\"@id\":\"https:\/\/ayssaestrategia.com\/invenio\/#\/schema\/logo\/image\/\"},\"sameAs\":[\"https:\/\/www.facebook.com\/inveniostudios\/\",\"https:\/\/www.instagram.com\/inveniostudios\"]}]}<\/script>\n<!-- \/ Yoast SEO plugin. -->","yoast_head_json":{"title":"News - Invenio Studios","robots":{"index":"index","follow":"follow","max-snippet":"max-snippet:-1","max-image-preview":"max-image-preview:large","max-video-preview":"max-video-preview:-1"},"canonical":"https:\/\/ayssaestrategia.com\/invenio\/news\/","og_locale":"es_ES","og_type":"article","og_title":"News - Invenio Studios","og_url":"https:\/\/ayssaestrategia.com\/invenio\/news\/","og_site_name":"Invenio Studios","article_publisher":"https:\/\/www.facebook.com\/inveniostudios\/","og_image":[{"width":2560,"height":868,"url":"https:\/\/ayssaestrategia.com\/invenio\/wp-content\/uploads\/2020\/03\/banner-4@2x-scaled-1.jpg","type":"image\/jpeg"}],"twitter_card":"summary_large_image","twitter_misc":{"Est. reading time":"2 minutos"},"schema":{"@context":"https:\/\/schema.org","@graph":[{"@type":"WebPage","@id":"https:\/\/ayssaestrategia.com\/invenio\/news\/","url":"https:\/\/ayssaestrategia.com\/invenio\/news\/","name":"News - Invenio Studios","isPartOf":{"@id":"https:\/\/ayssaestrategia.com\/invenio\/#website"},"primaryImageOfPage":{"@id":"https:\/\/ayssaestrategia.com\/invenio\/news\/#primaryimage"},"image":{"@id":"https:\/\/ayssaestrategia.com\/invenio\/news\/#primaryimage"},"thumbnailUrl":"https:\/\/ayssaestrategia.com\/invenio\/wp-content\/uploads\/2020\/03\/banner-4@2x-scaled-1.jpg","datePublished":"2020-03-11T14:38:22+00:00","breadcrumb":{"@id":"https:\/\/ayssaestrategia.com\/invenio\/news\/#breadcrumb"},"inLanguage":"es","potentialAction":[{"@type":"ReadAction","target":["https:\/\/ayssaestrategia.com\/invenio\/news\/"]}]},{"@type":"ImageObject","inLanguage":"es","@id":"https:\/\/ayssaestrategia.com\/invenio\/news\/#primaryimage","url":"https:\/\/ayssaestrategia.com\/invenio\/wp-content\/uploads\/2020\/03\/banner-4@2x-scaled-1.jpg","contentUrl":"https:\/\/ayssaestrategia.com\/invenio\/wp-content\/uploads\/2020\/03\/banner-4@2x-scaled-1.jpg","width":2560,"height":868,"caption":"banner-4@2x"},{"@type":"BreadcrumbList","@id":"https:\/\/ayssaestrategia.com\/invenio\/news\/#breadcrumb","itemListElement":[{"@type":"ListItem","position":1,"name":"Home","item":"https:\/\/ayssaestrategia.com\/invenio\/"},{"@type":"ListItem","position":2,"name":"News"}]},{"@type":"WebSite","@id":"https:\/\/ayssaestrategia.com\/invenio\/#website","url":"https:\/\/ayssaestrategia.com\/invenio\/","name":"Invenio Studios","description":"Somos comunicaci\u00f3n estrat\u00e9gica, dise\u00f1o gr\u00e1fico y producci\u00f3n audiovisual de alta calidad.","publisher":{"@id":"https:\/\/ayssaestrategia.com\/invenio\/#organization"},"potentialAction":[{"@type":"SearchAction","target":{"@type":"EntryPoint","urlTemplate":"https:\/\/ayssaestrategia.com\/invenio\/?s={search_term_string}"},"query-input":{"@type":"PropertyValueSpecification","valueRequired":true,"valueName":"search_term_string"}}],"inLanguage":"es"},{"@type":"Organization","@id":"https:\/\/ayssaestrategia.com\/invenio\/#organization","name":"Invenio Studios","url":"https:\/\/ayssaestrategia.com\/invenio\/","logo":{"@type":"ImageObject","inLanguage":"es","@id":"https:\/\/ayssaestrategia.com\/invenio\/#\/schema\/logo\/image\/","url":"https:\/\/ayssaestrategia.com\/invenio\/wp-content\/uploads\/2023\/10\/Logo-1-Invenio.png","contentUrl":"https:\/\/ayssaestrategia.com\/invenio\/wp-content\/uploads\/2023\/10\/Logo-1-Invenio.png","width":739,"height":230,"caption":"Invenio Studios"},"image":{"@id":"https:\/\/ayssaestrategia.com\/invenio\/#\/schema\/logo\/image\/"},"sameAs":["https:\/\/www.facebook.com\/inveniostudios\/","https:\/\/www.instagram.com\/inveniostudios"]}]}},"_links":{"self":[{"href":"https:\/\/ayssaestrategia.com\/invenio\/wp-json\/wp\/v2\/pages\/636","targetHints":{"allow":["GET"]}}],"collection":[{"href":"https:\/\/ayssaestrategia.com\/invenio\/wp-json\/wp\/v2\/pages"}],"about":[{"href":"https:\/\/ayssaestrategia.com\/invenio\/wp-json\/wp\/v2\/types\/page"}],"author":[{"embeddable":true,"href":"https:\/\/ayssaestrategia.com\/invenio\/wp-json\/wp\/v2\/users\/1"}],"replies":[{"embeddable":true,"href":"https:\/\/ayssaestrategia.com\/invenio\/wp-json\/wp\/v2\/comments?post=636"}],"version-history":[{"count":0,"href":"https:\/\/ayssaestrategia.com\/invenio\/wp-json\/wp\/v2\/pages\/636\/revisions"}],"wp:featuredmedia":[{"embeddable":true,"href":"https:\/\/ayssaestrategia.com\/invenio\/wp-json\/wp\/v2\/media\/248"}],"wp:attachment":[{"href":"https:\/\/ayssaestrategia.com\/invenio\/wp-json\/wp\/v2\/media?parent=636"}],"curies":[{"name":"wp","href":"https:\/\/api.w.org\/{rel}","templated":true}]}}