{"id":1773,"date":"2021-10-20T20:36:30","date_gmt":"2021-10-20T20:36:30","guid":{"rendered":"https:\/\/ayssaestrategia.com\/invenio\/?page_id=1773"},"modified":"2021-11-09T21:54:29","modified_gmt":"2021-11-09T21:54:29","slug":"diseno-grafico-y-editorial","status":"publish","type":"page","link":"https:\/\/ayssaestrategia.com\/invenio\/diseno-grafico-y-editorial\/","title":{"rendered":"Dise\u00f1o Gr\u00e1fico y Editorial"},"content":{"rendered":"<p><div class=\"fusion-fullwidth fullwidth-box fusion-builder-row-1 fusion-flex-container nonhundred-percent-fullwidth non-hundred-percent-height-scrolling\" style=\"--awb-background-position:left top;--awb-border-sizes-top:0px;--awb-border-sizes-bottom:0px;--awb-border-sizes-left:0px;--awb-border-sizes-right:0px;--awb-border-radius-top-left:0px;--awb-border-radius-top-right:0px;--awb-border-radius-bottom-right:0px;--awb-border-radius-bottom-left:0px;--awb-padding-top:80px;--awb-padding-bottom:3%;--awb-background-color:#005a71;--awb-flex-wrap:wrap;\" ><div class=\"fusion-builder-row fusion-row fusion-flex-align-items-flex-start fusion-flex-content-wrap\" style=\"max-width:calc( 1350px + 0px );margin-left: calc(-0px \/ 2 );margin-right: calc(-0px \/ 2 );\"><div class=\"fusion-layout-column fusion_builder_column fusion-builder-column-0 fusion_builder_column_1_1 1_1 fusion-flex-column fusion-flex-align-self-flex-start fusion-column-no-min-height\" style=\"--awb-bg-size:cover;--awb-width-large:100%;--awb-margin-top-large:50px;--awb-spacing-right-large:0px;--awb-margin-bottom-large:50px;--awb-spacing-left-large:0px;--awb-width-medium:100%;--awb-spacing-right-medium:0px;--awb-spacing-left-medium:0px;--awb-width-small:100%;--awb-spacing-right-small:0px;--awb-spacing-left-small:0px;\"><div class=\"fusion-column-wrapper fusion-flex-justify-content-flex-start fusion-content-layout-column\"><div class=\"fusion-title title fusion-title-1 fusion-sep-none fusion-title-center fusion-title-text fusion-title-size-two\"><h2 class=\"fusion-title-heading title-heading-center fusion-responsive-typography-calculated\" style=\"margin:0;--fontSize:44;line-height:1.26;\">Dise\u00f1o Gr\u00e1fico y Digital<\/h2><\/div><\/div><\/div><div class=\"fusion-layout-column fusion_builder_column fusion-builder-column-1 fusion_builder_column_1_2 1_2 fusion-flex-column\" style=\"--awb-bg-size:cover;--awb-width-large:50%;--awb-margin-top-large:0px;--awb-spacing-right-large:0px;--awb-margin-bottom-large:20px;--awb-spacing-left-large:0px;--awb-width-medium:100%;--awb-order-medium:0;--awb-spacing-right-medium:0px;--awb-spacing-left-medium:0px;--awb-width-small:100%;--awb-order-small:0;--awb-spacing-right-small:0px;--awb-spacing-left-small:0px;\"><div class=\"fusion-column-wrapper fusion-column-has-shadow fusion-flex-justify-content-flex-start fusion-content-layout-column\"><div class=\"fusion-text fusion-text-1\" style=\"--awb-text-transform:none;\"><p style=\"text-align: center;\"><span style=\"font-weight: 400; color: #ffffff;\">Dise\u00f1o gr\u00e1fico en general<\/span><\/p>\n<p style=\"text-align: center;\"><span style=\"font-weight: 400; color: #ffffff;\">Branding<\/span><\/p>\n<p style=\"text-align: center;\"><span style=\"font-weight: 400; color: #ffffff;\">Animaci\u00f3n 2D y 3D<\/span><\/p>\n<\/div><\/div><\/div><div class=\"fusion-layout-column fusion_builder_column fusion-builder-column-2 fusion_builder_column_1_2 1_2 fusion-flex-column\" style=\"--awb-bg-size:cover;--awb-width-large:50%;--awb-margin-top-large:0px;--awb-spacing-right-large:0px;--awb-margin-bottom-large:20px;--awb-spacing-left-large:0px;--awb-width-medium:100%;--awb-order-medium:0;--awb-spacing-right-medium:0px;--awb-spacing-left-medium:0px;--awb-width-small:100%;--awb-order-small:0;--awb-spacing-right-small:0px;--awb-spacing-left-small:0px;\"><div class=\"fusion-column-wrapper fusion-column-has-shadow fusion-flex-justify-content-flex-start fusion-content-layout-column\"><div class=\"fusion-text fusion-text-2\" style=\"--awb-text-transform:none;\"><p style=\"text-align: center;\"><span style=\"font-weight: 400; color: #ffffff;\">Motiongraphics<\/span><\/p>\n<p style=\"text-align: center;\"><span style=\"font-weight: 400; color: #ffffff;\">Productos para redes sociales<\/span><\/p>\n<p style=\"text-align: center;\"><span style=\"font-weight: 400; color: #ffffff;\">Dise\u00f1o, maquetaci\u00f3n y composici\u00f3n de productos impresos y digitales.<\/span><\/p>\n<\/div><\/div><\/div><\/div><\/div><div class=\"fusion-fullwidth fullwidth-box fusion-builder-row-2 fusion-flex-container hundred-percent-fullwidth non-hundred-percent-height-scrolling\" style=\"--awb-background-position:left top;--awb-border-sizes-top:0px;--awb-border-sizes-bottom:0px;--awb-border-sizes-left:0px;--awb-border-sizes-right:0px;--awb-border-radius-top-left:0px;--awb-border-radius-top-right:0px;--awb-border-radius-bottom-right:0px;--awb-border-radius-bottom-left:0px;--awb-padding-top:0px;--awb-padding-right:0px;--awb-padding-bottom:0px;--awb-padding-left:0px;--awb-margin-bottom:-81px;--awb-flex-wrap:wrap;\" ><div class=\"fusion-builder-row fusion-row fusion-flex-align-items-flex-start fusion-flex-content-wrap\" style=\"width:calc( 100% + 0px ) !important;max-width:calc( 100% + 0px ) !important;margin-left: calc(-0px \/ 2 );margin-right: calc(-0px \/ 2 );\"><div class=\"fusion-layout-column fusion_builder_column fusion-builder-column-3 fusion_builder_column_1_1 1_1 fusion-flex-column fusion-flex-align-self-flex-start fusion-column-no-min-height\" style=\"--awb-bg-size:cover;--awb-width-large:100%;--awb-margin-top-large:0px;--awb-spacing-right-large:0px;--awb-margin-bottom-large:0px;--awb-spacing-left-large:0px;--awb-width-medium:100%;--awb-spacing-right-medium:0px;--awb-spacing-left-medium:0px;--awb-width-small:100%;--awb-spacing-right-small:0px;--awb-spacing-left-small:0px;\"><div class=\"fusion-column-wrapper fusion-flex-justify-content-flex-start fusion-content-layout-column\"><div class=\"fusion-recent-works fusion-portfolio-element fusion-portfolio fusion-portfolio-1 fusion-portfolio-grid fusion-portfolio-paging-pagination fusion-portfolio-two fusion-portfolio-no_text fusion-portfolio-rollover\" data-id=\"-rw-1\" data-columns=\"two\"><style type=\"text\/css\">.fusion-portfolio-1 .fusion-portfolio-wrapper .fusion-col-spacing{padding:0px;}<\/style><div class=\"fusion-portfolio-wrapper\" id=\"fusion-portfolio-1\" data-picturesize=\"auto\" data-pages=\"1\" style=\"margin:-0px;\"><article id=\"portfolio-1-post-345\" class=\"fusion-portfolio-post diseno-grafico live-events fusion-col-spacing post-345\"><div class=\"fusion-portfolio-content-wrapper\" style=\"border:none;\"><span class=\"entry-title rich-snippet-hidden\">Dise\u00f1o Editorial<\/span><span class=\"vcard rich-snippet-hidden\"><span class=\"fn\"><a href=\"https:\/\/ayssaestrategia.com\/invenio\/author\/adminquetzali\/\" title=\"Entradas de adminquetzali\" rel=\"author\">adminquetzali<\/a><\/span><\/span><span class=\"updated rich-snippet-hidden\">2021-10-20T20:48:48-06:00<\/span><div  class=\"fusion-image-wrapper\" aria-haspopup=\"true\">\n\t\t\t\t<img decoding=\"async\" width=\"2560\" height=\"1356\" src=\"https:\/\/ayssaestrategia.com\/invenio\/wp-content\/uploads\/2020\/03\/Artboard-1-80.jpg\" class=\"attachment-full size-full lazyload wp-post-image\" alt=\"\" srcset=\"data:image\/svg+xml,%3Csvg%20xmlns%3D%27http%3A%2F%2Fwww.w3.org%2F2000%2Fsvg%27%20width%3D%272560%27%20height%3D%271356%27%20viewBox%3D%270%200%202560%201356%27%3E%3Crect%20width%3D%272560%27%20height%3D%271356%27%20fill-opacity%3D%220%22%2F%3E%3C%2Fsvg%3E\" data-orig-src=\"https:\/\/ayssaestrategia.com\/invenio\/wp-content\/uploads\/2020\/03\/Artboard-1-80.jpg\" data-srcset=\"https:\/\/ayssaestrategia.com\/invenio\/wp-content\/uploads\/2020\/03\/Artboard-1-80-200x106.jpg 200w, https:\/\/ayssaestrategia.com\/invenio\/wp-content\/uploads\/2020\/03\/Artboard-1-80-400x212.jpg 400w, https:\/\/ayssaestrategia.com\/invenio\/wp-content\/uploads\/2020\/03\/Artboard-1-80-600x318.jpg 600w, https:\/\/ayssaestrategia.com\/invenio\/wp-content\/uploads\/2020\/03\/Artboard-1-80-800x424.jpg 800w, https:\/\/ayssaestrategia.com\/invenio\/wp-content\/uploads\/2020\/03\/Artboard-1-80-1200x636.jpg 1200w, https:\/\/ayssaestrategia.com\/invenio\/wp-content\/uploads\/2020\/03\/Artboard-1-80.jpg 2560w\" data-sizes=\"auto\" \/><div class=\"fusion-rollover\">\n\t<div class=\"fusion-rollover-content\">\n\n\t\t\t\t\n\t\t\n\t\t\t\t\t\t\t\t\t\t\t\t<h4 class=\"fusion-rollover-title\">\n\t\t\t\t\t<a class=\"fusion-rollover-title-link\" href=\"https:\/\/ayssaestrategia.com\/invenio\/projects\/esports-2020-competition-live-event\/?portfolioCats=16\">\n\t\t\t\t\t\tDise\u00f1o Editorial\t\t\t\t\t<\/a>\n\t\t\t\t<\/h4>\n\t\t\t\n\t\t\t\t\t\t\t\t\n\t\t\n\t\t\t\t\t\t<a class=\"fusion-link-wrapper\" href=\"https:\/\/ayssaestrategia.com\/invenio\/projects\/esports-2020-competition-live-event\/?portfolioCats=16\" aria-label=\"Dise\u00f1o Editorial\"><\/a>\n\t<\/div>\n<\/div>\n<\/div>\n<\/div><\/article><\/div><\/div><\/div><\/div><\/div><\/div><div class=\"fusion-fullwidth fullwidth-box fusion-builder-row-3 fusion-flex-container nonhundred-percent-fullwidth non-hundred-percent-height-scrolling\" style=\"--awb-background-position:left top;--awb-border-sizes-top:0px;--awb-border-sizes-bottom:0px;--awb-border-sizes-left:0px;--awb-border-sizes-right:0px;--awb-border-radius-top-left:0px;--awb-border-radius-top-right:0px;--awb-border-radius-bottom-right:0px;--awb-border-radius-bottom-left:0px;--awb-padding-top:5%;--awb-padding-bottom:5%;--awb-background-color:#ebeced;--awb-flex-wrap:wrap;\" ><div class=\"fusion-builder-row fusion-row fusion-flex-align-items-flex-start fusion-flex-justify-content-center fusion-flex-content-wrap\" style=\"max-width:1404px;margin-left: calc(-4% \/ 2 );margin-right: calc(-4% \/ 2 );\"><div class=\"fusion-layout-column fusion_builder_column fusion-builder-column-4 fusion_builder_column_2_3 2_3 fusion-flex-column\" style=\"--awb-bg-size:cover;--awb-width-large:66.666666666667%;--awb-margin-top-large:70px;--awb-spacing-right-large:2.88%;--awb-margin-bottom-large:75px;--awb-spacing-left-large:2.88%;--awb-width-medium:100%;--awb-spacing-right-medium:1.92%;--awb-spacing-left-medium:1.92%;--awb-width-small:100%;--awb-spacing-right-small:1.92%;--awb-spacing-left-small:1.92%;\"><div class=\"fusion-column-wrapper fusion-flex-justify-content-flex-start fusion-content-layout-column\"><div class=\"fusion-title title fusion-title-2 fusion-sep-none fusion-title-center fusion-title-text fusion-title-size-two\" style=\"--awb-text-color:#1d2028;--awb-margin-bottom:20px;\"><h2 class=\"fusion-title-heading title-heading-center fusion-responsive-typography-calculated\" style=\"margin:0;--fontSize:44;line-height:1.26;\">Trabajemos juntos en su marca<\/h2><\/div><div class=\"fusion-separator\" style=\"align-self: center;margin-left: auto;margin-right: auto;margin-top:0px;margin-bottom:50px;width:100%;max-width:130px;\"><div class=\"fusion-separator-border sep-single sep-solid\" style=\"--awb-height:20px;--awb-amount:20px;--awb-sep-color:#b9bfcc;border-color:#b9bfcc;border-top-width:1px;\"><\/div><\/div><div class=\"fusion-text fusion-text-3\" style=\"--awb-text-transform:none;\"><p style=\"text-align: center; color: #555c6e;\">Le invitamos a escribirnos a contarnos sobre los proyectos en los que necesita de nuestros servicios haciendo click en el bot\u00f3n debajo.<\/p>\n<\/div><div class=\"fusion-separator fusion-full-width-sep\" style=\"align-self: center;margin-left: auto;margin-right: auto;margin-top:20px;width:100%;\"><\/div><div style=\"text-align:center;\"><a class=\"fusion-button button-flat button-xlarge button-default fusion-button-default button-1 fusion-button-span-no fusion-button-default-type\" target=\"_self\" href=\"https:\/\/ayssaestrategia.com\/invenio\/contacto\/\"><span class=\"fusion-button-text awb-button__text awb-button__text--default\">CONTACTO<\/span><\/a><\/div><\/div><\/div><\/div><\/div><\/p>\n","protected":false},"excerpt":{"rendered":"","protected":false},"author":1,"featured_media":0,"parent":0,"menu_order":0,"comment_status":"closed","ping_status":"closed","template":"100-width.php","meta":{"footnotes":""},"class_list":["post-1773","page","type-page","status-publish","hentry"],"yoast_head":"<!-- This site is optimized with the Yoast SEO plugin v27.2 - https:\/\/yoast.com\/product\/yoast-seo-wordpress\/ -->\n<title>Dise\u00f1o Gr\u00e1fico y Editorial - Invenio Studios<\/title>\n<meta name=\"robots\" content=\"index, follow, max-snippet:-1, max-image-preview:large, max-video-preview:-1\" \/>\n<link rel=\"canonical\" href=\"https:\/\/ayssaestrategia.com\/invenio\/diseno-grafico-y-editorial\/\" \/>\n<meta property=\"og:locale\" content=\"es_ES\" \/>\n<meta property=\"og:type\" content=\"article\" \/>\n<meta property=\"og:title\" content=\"Dise\u00f1o Gr\u00e1fico y Editorial - Invenio Studios\" \/>\n<meta property=\"og:url\" content=\"https:\/\/ayssaestrategia.com\/invenio\/diseno-grafico-y-editorial\/\" \/>\n<meta property=\"og:site_name\" content=\"Invenio Studios\" \/>\n<meta property=\"article:publisher\" content=\"https:\/\/www.facebook.com\/inveniostudios\/\" \/>\n<meta property=\"article:modified_time\" content=\"2021-11-09T21:54:29+00:00\" \/>\n<meta name=\"twitter:card\" content=\"summary_large_image\" \/>\n<meta name=\"twitter:label1\" content=\"Est. reading time\" \/>\n\t<meta name=\"twitter:data1\" content=\"11 minutos\" \/>\n<script type=\"application\/ld+json\" class=\"yoast-schema-graph\">{\"@context\":\"https:\/\/schema.org\",\"@graph\":[{\"@type\":\"WebPage\",\"@id\":\"https:\/\/ayssaestrategia.com\/invenio\/diseno-grafico-y-editorial\/\",\"url\":\"https:\/\/ayssaestrategia.com\/invenio\/diseno-grafico-y-editorial\/\",\"name\":\"Dise\u00f1o Gr\u00e1fico y Editorial - Invenio Studios\",\"isPartOf\":{\"@id\":\"https:\/\/ayssaestrategia.com\/invenio\/#website\"},\"datePublished\":\"2021-10-20T20:36:30+00:00\",\"dateModified\":\"2021-11-09T21:54:29+00:00\",\"breadcrumb\":{\"@id\":\"https:\/\/ayssaestrategia.com\/invenio\/diseno-grafico-y-editorial\/#breadcrumb\"},\"inLanguage\":\"es\",\"potentialAction\":[{\"@type\":\"ReadAction\",\"target\":[\"https:\/\/ayssaestrategia.com\/invenio\/diseno-grafico-y-editorial\/\"]}]},{\"@type\":\"BreadcrumbList\",\"@id\":\"https:\/\/ayssaestrategia.com\/invenio\/diseno-grafico-y-editorial\/#breadcrumb\",\"itemListElement\":[{\"@type\":\"ListItem\",\"position\":1,\"name\":\"Home\",\"item\":\"https:\/\/ayssaestrategia.com\/invenio\/\"},{\"@type\":\"ListItem\",\"position\":2,\"name\":\"Dise\u00f1o Gr\u00e1fico y Editorial\"}]},{\"@type\":\"WebSite\",\"@id\":\"https:\/\/ayssaestrategia.com\/invenio\/#website\",\"url\":\"https:\/\/ayssaestrategia.com\/invenio\/\",\"name\":\"Invenio Studios\",\"description\":\"Somos comunicaci\u00f3n estrat\u00e9gica, dise\u00f1o gr\u00e1fico y producci\u00f3n audiovisual de alta calidad.\",\"publisher\":{\"@id\":\"https:\/\/ayssaestrategia.com\/invenio\/#organization\"},\"potentialAction\":[{\"@type\":\"SearchAction\",\"target\":{\"@type\":\"EntryPoint\",\"urlTemplate\":\"https:\/\/ayssaestrategia.com\/invenio\/?s={search_term_string}\"},\"query-input\":{\"@type\":\"PropertyValueSpecification\",\"valueRequired\":true,\"valueName\":\"search_term_string\"}}],\"inLanguage\":\"es\"},{\"@type\":\"Organization\",\"@id\":\"https:\/\/ayssaestrategia.com\/invenio\/#organization\",\"name\":\"Invenio Studios\",\"url\":\"https:\/\/ayssaestrategia.com\/invenio\/\",\"logo\":{\"@type\":\"ImageObject\",\"inLanguage\":\"es\",\"@id\":\"https:\/\/ayssaestrategia.com\/invenio\/#\/schema\/logo\/image\/\",\"url\":\"https:\/\/ayssaestrategia.com\/invenio\/wp-content\/uploads\/2023\/10\/Logo-1-Invenio.png\",\"contentUrl\":\"https:\/\/ayssaestrategia.com\/invenio\/wp-content\/uploads\/2023\/10\/Logo-1-Invenio.png\",\"width\":739,\"height\":230,\"caption\":\"Invenio Studios\"},\"image\":{\"@id\":\"https:\/\/ayssaestrategia.com\/invenio\/#\/schema\/logo\/image\/\"},\"sameAs\":[\"https:\/\/www.facebook.com\/inveniostudios\/\",\"https:\/\/www.instagram.com\/inveniostudios\"]}]}<\/script>\n<!-- \/ Yoast SEO plugin. -->","yoast_head_json":{"title":"Dise\u00f1o Gr\u00e1fico y Editorial - Invenio Studios","robots":{"index":"index","follow":"follow","max-snippet":"max-snippet:-1","max-image-preview":"max-image-preview:large","max-video-preview":"max-video-preview:-1"},"canonical":"https:\/\/ayssaestrategia.com\/invenio\/diseno-grafico-y-editorial\/","og_locale":"es_ES","og_type":"article","og_title":"Dise\u00f1o Gr\u00e1fico y Editorial - Invenio Studios","og_url":"https:\/\/ayssaestrategia.com\/invenio\/diseno-grafico-y-editorial\/","og_site_name":"Invenio Studios","article_publisher":"https:\/\/www.facebook.com\/inveniostudios\/","article_modified_time":"2021-11-09T21:54:29+00:00","twitter_card":"summary_large_image","twitter_misc":{"Est. reading time":"11 minutos"},"schema":{"@context":"https:\/\/schema.org","@graph":[{"@type":"WebPage","@id":"https:\/\/ayssaestrategia.com\/invenio\/diseno-grafico-y-editorial\/","url":"https:\/\/ayssaestrategia.com\/invenio\/diseno-grafico-y-editorial\/","name":"Dise\u00f1o Gr\u00e1fico y Editorial - Invenio Studios","isPartOf":{"@id":"https:\/\/ayssaestrategia.com\/invenio\/#website"},"datePublished":"2021-10-20T20:36:30+00:00","dateModified":"2021-11-09T21:54:29+00:00","breadcrumb":{"@id":"https:\/\/ayssaestrategia.com\/invenio\/diseno-grafico-y-editorial\/#breadcrumb"},"inLanguage":"es","potentialAction":[{"@type":"ReadAction","target":["https:\/\/ayssaestrategia.com\/invenio\/diseno-grafico-y-editorial\/"]}]},{"@type":"BreadcrumbList","@id":"https:\/\/ayssaestrategia.com\/invenio\/diseno-grafico-y-editorial\/#breadcrumb","itemListElement":[{"@type":"ListItem","position":1,"name":"Home","item":"https:\/\/ayssaestrategia.com\/invenio\/"},{"@type":"ListItem","position":2,"name":"Dise\u00f1o Gr\u00e1fico y Editorial"}]},{"@type":"WebSite","@id":"https:\/\/ayssaestrategia.com\/invenio\/#website","url":"https:\/\/ayssaestrategia.com\/invenio\/","name":"Invenio Studios","description":"Somos comunicaci\u00f3n estrat\u00e9gica, dise\u00f1o gr\u00e1fico y producci\u00f3n audiovisual de alta calidad.","publisher":{"@id":"https:\/\/ayssaestrategia.com\/invenio\/#organization"},"potentialAction":[{"@type":"SearchAction","target":{"@type":"EntryPoint","urlTemplate":"https:\/\/ayssaestrategia.com\/invenio\/?s={search_term_string}"},"query-input":{"@type":"PropertyValueSpecification","valueRequired":true,"valueName":"search_term_string"}}],"inLanguage":"es"},{"@type":"Organization","@id":"https:\/\/ayssaestrategia.com\/invenio\/#organization","name":"Invenio Studios","url":"https:\/\/ayssaestrategia.com\/invenio\/","logo":{"@type":"ImageObject","inLanguage":"es","@id":"https:\/\/ayssaestrategia.com\/invenio\/#\/schema\/logo\/image\/","url":"https:\/\/ayssaestrategia.com\/invenio\/wp-content\/uploads\/2023\/10\/Logo-1-Invenio.png","contentUrl":"https:\/\/ayssaestrategia.com\/invenio\/wp-content\/uploads\/2023\/10\/Logo-1-Invenio.png","width":739,"height":230,"caption":"Invenio Studios"},"image":{"@id":"https:\/\/ayssaestrategia.com\/invenio\/#\/schema\/logo\/image\/"},"sameAs":["https:\/\/www.facebook.com\/inveniostudios\/","https:\/\/www.instagram.com\/inveniostudios"]}]}},"_links":{"self":[{"href":"https:\/\/ayssaestrategia.com\/invenio\/wp-json\/wp\/v2\/pages\/1773","targetHints":{"allow":["GET"]}}],"collection":[{"href":"https:\/\/ayssaestrategia.com\/invenio\/wp-json\/wp\/v2\/pages"}],"about":[{"href":"https:\/\/ayssaestrategia.com\/invenio\/wp-json\/wp\/v2\/types\/page"}],"author":[{"embeddable":true,"href":"https:\/\/ayssaestrategia.com\/invenio\/wp-json\/wp\/v2\/users\/1"}],"replies":[{"embeddable":true,"href":"https:\/\/ayssaestrategia.com\/invenio\/wp-json\/wp\/v2\/comments?post=1773"}],"version-history":[{"count":6,"href":"https:\/\/ayssaestrategia.com\/invenio\/wp-json\/wp\/v2\/pages\/1773\/revisions"}],"predecessor-version":[{"id":1813,"href":"https:\/\/ayssaestrategia.com\/invenio\/wp-json\/wp\/v2\/pages\/1773\/revisions\/1813"}],"wp:attachment":[{"href":"https:\/\/ayssaestrategia.com\/invenio\/wp-json\/wp\/v2\/media?parent=1773"}],"curies":[{"name":"wp","href":"https:\/\/api.w.org\/{rel}","templated":true}]}}