{"id":1679,"date":"2021-08-23T03:30:40","date_gmt":"2021-08-23T03:30:40","guid":{"rendered":"https:\/\/ayssaestrategia.com\/invenio\/?page_id=1679"},"modified":"2021-08-23T03:35:18","modified_gmt":"2021-08-23T03:35:18","slug":"blog","status":"publish","type":"page","link":"https:\/\/ayssaestrategia.com\/invenio\/blog\/","title":{"rendered":"Blog"},"content":{"rendered":"<div class=\"fusion-fullwidth fullwidth-box fusion-builder-row-1 fusion-flex-container nonhundred-percent-fullwidth non-hundred-percent-height-scrolling\" style=\"--awb-border-radius-top-left:0px;--awb-border-radius-top-right:0px;--awb-border-radius-bottom-right:0px;--awb-border-radius-bottom-left:0px;--awb-flex-wrap:wrap;\" ><div class=\"fusion-builder-row fusion-row fusion-flex-align-items-flex-start fusion-flex-content-wrap\" style=\"max-width:1404px;margin-left: calc(-4% \/ 2 );margin-right: calc(-4% \/ 2 );\"><div class=\"fusion-layout-column fusion_builder_column fusion-builder-column-0 fusion_builder_column_1_1 1_1 fusion-flex-column\" style=\"--awb-bg-size:cover;--awb-width-large:100%;--awb-margin-top-large:0px;--awb-spacing-right-large:1.92%;--awb-margin-bottom-large:20px;--awb-spacing-left-large:1.92%;--awb-width-medium:100%;--awb-order-medium:0;--awb-spacing-right-medium:1.92%;--awb-spacing-left-medium:1.92%;--awb-width-small:100%;--awb-order-small:0;--awb-spacing-right-small:1.92%;--awb-spacing-left-small:1.92%;\"><div class=\"fusion-column-wrapper fusion-column-has-shadow fusion-flex-justify-content-flex-start fusion-content-layout-column\"><div class=\"fusion-recent-posts fusion-recent-posts-1 avada-container layout-default layout-columns-3\"><section class=\"fusion-columns columns fusion-columns-3 columns-3\"><article class=\"post fusion-column column col col-lg-4 col-md-4 col-sm-4\"><div class=\"fusion-flexslider fusion-flexslider-loading flexslider flexslider-hover-type-zoomin\"><ul class=\"slides\"><li><a href=\"https:\/\/ayssaestrategia.com\/invenio\/2023\/10\/30\/el-poder-del-branding-haciendo-visible-tu-marca\/\" aria-label=\"El Poder del Branding: Haciendo Visible Tu Marca\" class=\"hover-type-zoomin\"><img decoding=\"async\" width=\"700\" height=\"441\" src=\"https:\/\/ayssaestrategia.com\/invenio\/wp-content\/uploads\/2023\/10\/concepto-desarrollo-creacion-iconos-marca-e-inscripcion-papel-700x441.jpg\" class=\"attachment-recent-posts size-recent-posts lazyload\" alt=\"\" srcset=\"data:image\/svg+xml,%3Csvg%20xmlns%3D%27http%3A%2F%2Fwww.w3.org%2F2000%2Fsvg%27%20width%3D%271000%27%20height%3D%27667%27%20viewBox%3D%270%200%201000%20667%27%3E%3Crect%20width%3D%271000%27%20height%3D%27667%27%20fill-opacity%3D%220%22%2F%3E%3C%2Fsvg%3E\" data-orig-src=\"https:\/\/ayssaestrategia.com\/invenio\/wp-content\/uploads\/2023\/10\/concepto-desarrollo-creacion-iconos-marca-e-inscripcion-papel-700x441.jpg\" data-srcset=\"https:\/\/ayssaestrategia.com\/invenio\/wp-content\/uploads\/2023\/10\/concepto-desarrollo-creacion-iconos-marca-e-inscripcion-papel-320x202.jpg 320w, https:\/\/ayssaestrategia.com\/invenio\/wp-content\/uploads\/2023\/10\/concepto-desarrollo-creacion-iconos-marca-e-inscripcion-papel-700x441.jpg 700w\" data-sizes=\"auto\" \/><\/a><\/li><\/ul><\/div><div class=\"recent-posts-content\"><span class=\"vcard\" style=\"display: none;\"><span class=\"fn\"><a href=\"https:\/\/ayssaestrategia.com\/invenio\/author\/admininvenio\/\" title=\"Entradas de admininvenio\" rel=\"author\">admininvenio<\/a><\/span><\/span><span class=\"updated\" style=\"display:none;\">2023-10-30T18:08:47-06:00<\/span><h4 class=\"entry-title\"><a href=\"https:\/\/ayssaestrategia.com\/invenio\/2023\/10\/30\/el-poder-del-branding-haciendo-visible-tu-marca\/\">El Poder del Branding: Haciendo Visible Tu Marca<\/a><\/h4><p class=\"meta\"><span class=\"vcard\" style=\"display: none;\"><span class=\"fn\"><a href=\"https:\/\/ayssaestrategia.com\/invenio\/author\/admininvenio\/\" title=\"Entradas de admininvenio\" rel=\"author\">admininvenio<\/a><\/span><\/span><span class=\"updated\" style=\"display:none;\">2023-10-30T18:08:47-06:00<\/span><span>octubre 30th, 2023<\/span><span class=\"fusion-inline-sep\">|<\/span><span class=\"fusion-comments\"><a href=\"https:\/\/ayssaestrategia.com\/invenio\/2023\/10\/30\/el-poder-del-branding-haciendo-visible-tu-marca\/#respond\">0 Comments<\/a><\/span><\/p><p>Invenio Studios puede ser tu socio en este emocionante viaje de definir y establecer una marca que deje una impresi\u00f3n duradera. lea m\u00e1s<\/p><\/div><\/article><article class=\"post fusion-column column col col-lg-4 col-md-4 col-sm-4\"><div class=\"fusion-flexslider fusion-flexslider-loading flexslider flexslider-hover-type-zoomin\"><ul class=\"slides\"><li><a href=\"https:\/\/ayssaestrategia.com\/invenio\/2023\/10\/05\/invenio-studios-una-agencia-de-comunicacion-con-enfoque-humano\/\" aria-label=\"Invenio Studios: Una agencia de comunicaci\u00f3n con enfoque humano\" class=\"hover-type-zoomin\"><img decoding=\"async\" width=\"700\" height=\"441\" src=\"https:\/\/ayssaestrategia.com\/invenio\/wp-content\/uploads\/2023\/10\/diversas-personas-iconos-tecnologia-700x441.jpg\" class=\"attachment-recent-posts size-recent-posts lazyload\" alt=\"\" srcset=\"data:image\/svg+xml,%3Csvg%20xmlns%3D%27http%3A%2F%2Fwww.w3.org%2F2000%2Fsvg%27%20width%3D%271000%27%20height%3D%27684%27%20viewBox%3D%270%200%201000%20684%27%3E%3Crect%20width%3D%271000%27%20height%3D%27684%27%20fill-opacity%3D%220%22%2F%3E%3C%2Fsvg%3E\" data-orig-src=\"https:\/\/ayssaestrategia.com\/invenio\/wp-content\/uploads\/2023\/10\/diversas-personas-iconos-tecnologia-700x441.jpg\" data-srcset=\"https:\/\/ayssaestrategia.com\/invenio\/wp-content\/uploads\/2023\/10\/diversas-personas-iconos-tecnologia-320x202.jpg 320w, https:\/\/ayssaestrategia.com\/invenio\/wp-content\/uploads\/2023\/10\/diversas-personas-iconos-tecnologia-700x441.jpg 700w\" data-sizes=\"auto\" \/><\/a><\/li><\/ul><\/div><div class=\"recent-posts-content\"><span class=\"vcard\" style=\"display: none;\"><span class=\"fn\"><a href=\"https:\/\/ayssaestrategia.com\/invenio\/author\/admininvenio\/\" title=\"Entradas de admininvenio\" rel=\"author\">admininvenio<\/a><\/span><\/span><span class=\"updated\" style=\"display:none;\">2023-10-05T04:07:03-06:00<\/span><h4 class=\"entry-title\"><a href=\"https:\/\/ayssaestrategia.com\/invenio\/2023\/10\/05\/invenio-studios-una-agencia-de-comunicacion-con-enfoque-humano\/\">Invenio Studios: Una agencia de comunicaci\u00f3n con enfoque humano<\/a><\/h4><p class=\"meta\"><span class=\"vcard\" style=\"display: none;\"><span class=\"fn\"><a href=\"https:\/\/ayssaestrategia.com\/invenio\/author\/admininvenio\/\" title=\"Entradas de admininvenio\" rel=\"author\">admininvenio<\/a><\/span><\/span><span class=\"updated\" style=\"display:none;\">2023-10-05T04:07:03-06:00<\/span><span>octubre 5th, 2023<\/span><span class=\"fusion-inline-sep\">|<\/span><span class=\"fusion-comments\"><a href=\"https:\/\/ayssaestrategia.com\/invenio\/2023\/10\/05\/invenio-studios-una-agencia-de-comunicacion-con-enfoque-humano\/#respond\">0 Comments<\/a><\/span><\/p><p>Invenio Studios es una agencia con sede en Guatemala que ofrece servicios de comunicaci\u00f3n estrat\u00e9gica, dise\u00f1o gr\u00e1fico y producci\u00f3n audiovisual. lea m\u00e1s<\/p><\/div><\/article><\/section><\/div><\/div><\/div><\/div><\/div>\n","protected":false},"excerpt":{"rendered":"","protected":false},"author":1,"featured_media":0,"parent":0,"menu_order":0,"comment_status":"closed","ping_status":"closed","template":"","meta":{"footnotes":""},"class_list":["post-1679","page","type-page","status-publish","hentry"],"yoast_head":"<!-- This site is optimized with the Yoast SEO plugin v27.2 - https:\/\/yoast.com\/product\/yoast-seo-wordpress\/ -->\n<title>Blog - Invenio Studios<\/title>\n<meta name=\"robots\" content=\"index, follow, max-snippet:-1, max-image-preview:large, max-video-preview:-1\" \/>\n<link rel=\"canonical\" href=\"https:\/\/ayssaestrategia.com\/invenio\/blog\/\" \/>\n<meta property=\"og:locale\" content=\"es_ES\" \/>\n<meta property=\"og:type\" content=\"article\" \/>\n<meta property=\"og:title\" content=\"Blog - Invenio Studios\" \/>\n<meta property=\"og:url\" content=\"https:\/\/ayssaestrategia.com\/invenio\/blog\/\" \/>\n<meta property=\"og:site_name\" content=\"Invenio Studios\" \/>\n<meta property=\"article:publisher\" content=\"https:\/\/www.facebook.com\/inveniostudios\/\" \/>\n<meta property=\"article:modified_time\" content=\"2021-08-23T03:35:18+00:00\" \/>\n<meta name=\"twitter:card\" content=\"summary_large_image\" \/>\n<meta name=\"twitter:label1\" content=\"Est. reading time\" \/>\n\t<meta name=\"twitter:data1\" content=\"3 minutos\" \/>\n<script type=\"application\/ld+json\" class=\"yoast-schema-graph\">{\"@context\":\"https:\/\/schema.org\",\"@graph\":[{\"@type\":\"WebPage\",\"@id\":\"https:\/\/ayssaestrategia.com\/invenio\/blog\/\",\"url\":\"https:\/\/ayssaestrategia.com\/invenio\/blog\/\",\"name\":\"Blog - Invenio Studios\",\"isPartOf\":{\"@id\":\"https:\/\/ayssaestrategia.com\/invenio\/#website\"},\"datePublished\":\"2021-08-23T03:30:40+00:00\",\"dateModified\":\"2021-08-23T03:35:18+00:00\",\"breadcrumb\":{\"@id\":\"https:\/\/ayssaestrategia.com\/invenio\/blog\/#breadcrumb\"},\"inLanguage\":\"es\",\"potentialAction\":[{\"@type\":\"ReadAction\",\"target\":[\"https:\/\/ayssaestrategia.com\/invenio\/blog\/\"]}]},{\"@type\":\"BreadcrumbList\",\"@id\":\"https:\/\/ayssaestrategia.com\/invenio\/blog\/#breadcrumb\",\"itemListElement\":[{\"@type\":\"ListItem\",\"position\":1,\"name\":\"Home\",\"item\":\"https:\/\/ayssaestrategia.com\/invenio\/\"},{\"@type\":\"ListItem\",\"position\":2,\"name\":\"Blog\"}]},{\"@type\":\"WebSite\",\"@id\":\"https:\/\/ayssaestrategia.com\/invenio\/#website\",\"url\":\"https:\/\/ayssaestrategia.com\/invenio\/\",\"name\":\"Invenio Studios\",\"description\":\"Somos comunicaci\u00f3n estrat\u00e9gica, dise\u00f1o gr\u00e1fico y producci\u00f3n audiovisual de alta calidad.\",\"publisher\":{\"@id\":\"https:\/\/ayssaestrategia.com\/invenio\/#organization\"},\"potentialAction\":[{\"@type\":\"SearchAction\",\"target\":{\"@type\":\"EntryPoint\",\"urlTemplate\":\"https:\/\/ayssaestrategia.com\/invenio\/?s={search_term_string}\"},\"query-input\":{\"@type\":\"PropertyValueSpecification\",\"valueRequired\":true,\"valueName\":\"search_term_string\"}}],\"inLanguage\":\"es\"},{\"@type\":\"Organization\",\"@id\":\"https:\/\/ayssaestrategia.com\/invenio\/#organization\",\"name\":\"Invenio Studios\",\"url\":\"https:\/\/ayssaestrategia.com\/invenio\/\",\"logo\":{\"@type\":\"ImageObject\",\"inLanguage\":\"es\",\"@id\":\"https:\/\/ayssaestrategia.com\/invenio\/#\/schema\/logo\/image\/\",\"url\":\"https:\/\/ayssaestrategia.com\/invenio\/wp-content\/uploads\/2023\/10\/Logo-1-Invenio.png\",\"contentUrl\":\"https:\/\/ayssaestrategia.com\/invenio\/wp-content\/uploads\/2023\/10\/Logo-1-Invenio.png\",\"width\":739,\"height\":230,\"caption\":\"Invenio Studios\"},\"image\":{\"@id\":\"https:\/\/ayssaestrategia.com\/invenio\/#\/schema\/logo\/image\/\"},\"sameAs\":[\"https:\/\/www.facebook.com\/inveniostudios\/\",\"https:\/\/www.instagram.com\/inveniostudios\"]}]}<\/script>\n<!-- \/ Yoast SEO plugin. -->","yoast_head_json":{"title":"Blog - Invenio Studios","robots":{"index":"index","follow":"follow","max-snippet":"max-snippet:-1","max-image-preview":"max-image-preview:large","max-video-preview":"max-video-preview:-1"},"canonical":"https:\/\/ayssaestrategia.com\/invenio\/blog\/","og_locale":"es_ES","og_type":"article","og_title":"Blog - Invenio Studios","og_url":"https:\/\/ayssaestrategia.com\/invenio\/blog\/","og_site_name":"Invenio Studios","article_publisher":"https:\/\/www.facebook.com\/inveniostudios\/","article_modified_time":"2021-08-23T03:35:18+00:00","twitter_card":"summary_large_image","twitter_misc":{"Est. reading time":"3 minutos"},"schema":{"@context":"https:\/\/schema.org","@graph":[{"@type":"WebPage","@id":"https:\/\/ayssaestrategia.com\/invenio\/blog\/","url":"https:\/\/ayssaestrategia.com\/invenio\/blog\/","name":"Blog - Invenio Studios","isPartOf":{"@id":"https:\/\/ayssaestrategia.com\/invenio\/#website"},"datePublished":"2021-08-23T03:30:40+00:00","dateModified":"2021-08-23T03:35:18+00:00","breadcrumb":{"@id":"https:\/\/ayssaestrategia.com\/invenio\/blog\/#breadcrumb"},"inLanguage":"es","potentialAction":[{"@type":"ReadAction","target":["https:\/\/ayssaestrategia.com\/invenio\/blog\/"]}]},{"@type":"BreadcrumbList","@id":"https:\/\/ayssaestrategia.com\/invenio\/blog\/#breadcrumb","itemListElement":[{"@type":"ListItem","position":1,"name":"Home","item":"https:\/\/ayssaestrategia.com\/invenio\/"},{"@type":"ListItem","position":2,"name":"Blog"}]},{"@type":"WebSite","@id":"https:\/\/ayssaestrategia.com\/invenio\/#website","url":"https:\/\/ayssaestrategia.com\/invenio\/","name":"Invenio Studios","description":"Somos comunicaci\u00f3n estrat\u00e9gica, dise\u00f1o gr\u00e1fico y producci\u00f3n audiovisual de alta calidad.","publisher":{"@id":"https:\/\/ayssaestrategia.com\/invenio\/#organization"},"potentialAction":[{"@type":"SearchAction","target":{"@type":"EntryPoint","urlTemplate":"https:\/\/ayssaestrategia.com\/invenio\/?s={search_term_string}"},"query-input":{"@type":"PropertyValueSpecification","valueRequired":true,"valueName":"search_term_string"}}],"inLanguage":"es"},{"@type":"Organization","@id":"https:\/\/ayssaestrategia.com\/invenio\/#organization","name":"Invenio Studios","url":"https:\/\/ayssaestrategia.com\/invenio\/","logo":{"@type":"ImageObject","inLanguage":"es","@id":"https:\/\/ayssaestrategia.com\/invenio\/#\/schema\/logo\/image\/","url":"https:\/\/ayssaestrategia.com\/invenio\/wp-content\/uploads\/2023\/10\/Logo-1-Invenio.png","contentUrl":"https:\/\/ayssaestrategia.com\/invenio\/wp-content\/uploads\/2023\/10\/Logo-1-Invenio.png","width":739,"height":230,"caption":"Invenio Studios"},"image":{"@id":"https:\/\/ayssaestrategia.com\/invenio\/#\/schema\/logo\/image\/"},"sameAs":["https:\/\/www.facebook.com\/inveniostudios\/","https:\/\/www.instagram.com\/inveniostudios"]}]}},"_links":{"self":[{"href":"https:\/\/ayssaestrategia.com\/invenio\/wp-json\/wp\/v2\/pages\/1679","targetHints":{"allow":["GET"]}}],"collection":[{"href":"https:\/\/ayssaestrategia.com\/invenio\/wp-json\/wp\/v2\/pages"}],"about":[{"href":"https:\/\/ayssaestrategia.com\/invenio\/wp-json\/wp\/v2\/types\/page"}],"author":[{"embeddable":true,"href":"https:\/\/ayssaestrategia.com\/invenio\/wp-json\/wp\/v2\/users\/1"}],"replies":[{"embeddable":true,"href":"https:\/\/ayssaestrategia.com\/invenio\/wp-json\/wp\/v2\/comments?post=1679"}],"version-history":[{"count":6,"href":"https:\/\/ayssaestrategia.com\/invenio\/wp-json\/wp\/v2\/pages\/1679\/revisions"}],"predecessor-version":[{"id":1686,"href":"https:\/\/ayssaestrategia.com\/invenio\/wp-json\/wp\/v2\/pages\/1679\/revisions\/1686"}],"wp:attachment":[{"href":"https:\/\/ayssaestrategia.com\/invenio\/wp-json\/wp\/v2\/media?parent=1679"}],"curies":[{"name":"wp","href":"https:\/\/api.w.org\/{rel}","templated":true}]}}